{"id":868,"date":"2019-04-26T15:43:36","date_gmt":"2019-04-26T19:43:36","guid":{"rendered":"https:\/\/psb-planningcanada.ca\/?page_id=868"},"modified":"2025-04-15T16:04:19","modified_gmt":"2025-04-15T20:04:19","slug":"lexamen-professionnel","status":"publish","type":"page","link":"https:\/\/psb-planningcanada.ca\/fr\/lexamen-professionnel\/","title":{"rendered":"L\u2019examen professionnel"},"content":{"rendered":"\n<\/div> \n<!-- close off the .inner container -->\n\n<div id=\"leftimage-block_0f367731604a1f3f3bdfb3a081410a4e\" \n            style=\"background-image: url(https:\/\/psb-planningcanada.ca\/wp-content\/uploads\/2022\/06\/BlueFiltered-PERegistration.jpg)\"\n        class=\"leftimage standard\" >\n\n    \n        <div class=\"left_container standard\">\n            <div class=\"inner\">\n                                    <div class=\"image standard\" ><\/div>\n                                \n                                    <div class=\"details standard\">\n                        <h2>L\u2019INSCRIPTION POUR L\u2019EXAMEN DE LE PRINTEMPS<\/h2>\n<p>Connectez-vous au\u00a0<a href=\"https:\/\/certification.psb-planningcanada.ca\">portail pour les candidats<\/a> pour vous inscrire \u00e0 l\u2019examen. L\u2019examen professionnel est un examen formel \u00e0 choix multiples qui est offert deux fois par an \u2013 une fois au printemps et une fois \u00e0 l\u2019automne.\u00a0 Les objectifs de l\u2019examen professionnel sont les suivants :<\/p>\n<ul>\n<li>Aider \u00e0 \u00e9valuer votre aptitude \u00e0 devenir membre \u00e0 part enti\u00e8re (certifi\u00e9) de votre association ou institut provincial\/territorial.<\/li>\n<li>\u00c9valuer votre compr\u00e9hension, appr\u00e9ciation et interpr\u00e9tation du Code de conduite professionnelle de l\u2019ICU et votre capacit\u00e9 \u00e0 l\u2019appliquer,<\/li>\n<li>\u00c9valuer votre compr\u00e9hension et votre appr\u00e9ciation des questions plus g\u00e9n\u00e9rales de professionnalisme et des comp\u00e9tences connexes et pertinentes pour les urbanistes professionnels.<\/li>\n<\/ul>\n<p>Vous devrez vous inscrire \u00e0 l\u2019examen professionnel aupr\u00e8s du CNP et vous ne pourrez le faire que si vous avez satisfait \u00e0 toutes les autres exigences.<\/p>\n                    <\/div>\n                            <\/div>\n        <\/div>\n            \n\t<\/div>\n\n<!-- restart .inner container -->\n<div class=\"inner\"> \n    \n\n\n<\/div> \n<!-- close off the .inner container -->\n\n<div id=\"highlight-block_b78ce9cb83242eede6094aeb40b8ab02\" class=\"highlight\">\n        <div class=\"inner\">\n        <p>Si vous \u00eates un membre candidat (provisoire) de OPPI, inscrivez-vous pour l\u2019examen par compl\u00e9ter et soumettre ce formulaire par courriel. Un membre candidat (provisoire) de l\u2019OPPI est un candidat qui a pr\u00e9sent\u00e9 une demande d\u2019adh\u00e9sion avant 2012. Les candidats qui ont pr\u00e9sent\u00e9 une demande d\u2019adh\u00e9sion apr\u00e8s 2012 doivent s\u2019inscrire \u00e0 l\u2019examen au portail de certification.<\/p>\n    <\/div>\n\t\t\n\t<\/div>\n\n<!-- restart .inner container -->\n<div class=\"inner\"> \n\n\n<\/div> \n<!-- close off the .inner container -->\n\n<div id=\"staggered-block_2190ca44aba505d0294e86020284d9a5\" class=\"staggered\">\n        <div class=\"inner\">\n        <p><strong>NOTEZ \u2013 Le comit\u00e9 \u00ab PEEC \u00bb a \u00e9valu\u00e9 les commentaires des candidats et heureux de publier le nouveau <a href=\"https:\/\/psb-planningcanada.ca\/wp-content\/uploads\/2021\/02\/PSB-Professional-Examination-Study-Guide-2021_FR.pdf\">Guide d\u2019\u00e9tude en vue de l\u2019examen professionnel<\/a>, <a href=\"https:\/\/psb-planningcanada.ca\/wp-content\/uploads\/2020\/01\/Additional-Readings-2020.pdf\">lectures suppl\u00e9mentaires<\/a> (anglais seulement) et <a href=\"https:\/\/psb-planningcanada.ca\/wp-content\/uploads\/2020\/01\/Study-Guide-Additional-Questions.pdf\">exemples de questions<\/a> (anglais seulement). Ces documents incluent les renseignments utiles de l\u2019ancien guide d\u2019\u00e9tude, avec d\u2019autres conseils pour vos \u00e9tudes, des pratiques exemplaires pour des groupes d\u2019\u00e9tude, comment utiliser les letures suppl\u00e9mentaires, et des nouveaux exemples des questions qui peuvent \u00eatre incluent au examen. Utilisez le nouveau Guide d\u2019\u00e9tude pour enrichir votre pr\u00e9paration et revue de l\u2019ancien guide d\u2019\u00e9tude<\/strong><\/p>\n\n        \n        <div class=\"overlay\">\n            <div class=\"details\">\n                <h2>\u00c0 noter \u00e0 votre agenda<\/h2>\n<p><strong>Examen du printemps \u2013\u00a0<\/strong>lundi, le 16 mars, 2026<\/p>\n<p><strong>Examen de l\u2019automne\u00a0 \u2013\u00a0<\/strong>lundi le 15 septembre, 2025<\/p>\n<h3>Renseignements importants<\/h3>\n<p><strong>Dates: mars et septembre<\/strong><\/p>\n<p><strong>Co\u00fbt:<\/strong>\u00a0500 $ + TVH (150 $ + TVH pour le deuxi\u00e8me ou troisi\u00e8me essai)<\/p>\n<p><strong>Note de passage\u00a0: 80\u00a0%<\/strong><\/p>\n<p><strong>Temps de traitement : 2 semaines<\/strong><\/p>\n            <\/div>\n\n            \n            <div class=\"image\">\n                <img loading=\"lazy\" decoding=\"async\" width=\"860\" height=\"580\" src=\"https:\/\/psb-planningcanada.ca\/wp-content\/uploads\/2022\/06\/skyscrapers-860x580.jpg\" class=\"attachment-landscape size-landscape\" alt=\"Canadian flag atop a skyscraper\" \/>            <\/div>\n\n                    <\/div>\n\n        \n    <\/div>\n\n    <\/div>\n\n<!-- restart .inner container -->\n<div class=\"inner\"> \n\n\n<\/div> \n<!-- close off the .inner container -->\n\n<div id=\"leftimage-block_9415948ad88b1ef186c06e20b61eb32b\" \n            style=\"background-image: url(https:\/\/psb-planningcanada.ca\/wp-content\/uploads\/2022\/06\/PE-Smiling-Candidate.jpg)\"\n        class=\"leftimage overlay\" >\n\n    \n        <div class=\"left_container overlay\">\n            <div class=\"inner\">\n                                    <div class=\"image overlay\" ><\/div>\n                                \n                                    <div class=\"details overlay\">\n                        <p>La session de le printemps se tiendra le <strong>lundi 17 mars 2025<\/strong>. Les inscriptions seront disponible bient\u00f4t et se termineront le vendredi 28 fevrier 2025.<\/p>\n<p><strong>*NOUVEAU:<\/strong> <strong>Afin de respecter les r\u00e9glementations de sant\u00e9 publique li\u00e9es \u00e0 COVID-19, la session de printemps 2021 de l\u2019examen professionnel aura lieu \u00e0 distance en utilisant la technologie de surveillance en ligne. Aucun emplacement en personne ne sera h\u00e9berg\u00e9 et les candidats ne seront pas tenus de trouver un surveillant. Les candidats passeront l\u2019examen dans leur propre maison ou dans un endroit qui leur sera accessible \u00e0 l\u2019aide d\u2019un ordinateur portable. Plus de d\u00e9tails sur les exigences technologiques seront annonc\u00e9s bient\u00f4t.<\/strong><\/p>\n<p>L\u2019examen professionnel est la derni\u00e8re \u00e9tape sur la voie qui vous permettra de devenir un membre \u00e0 part enti\u00e8re et certifi\u00e9 de la profession. Il comprend trois sections :<\/p>\n<ul>\n<li>Int\u00e9r\u00eat public<\/li>\n<li>Responsabilit\u00e9 professionnelle<\/li>\n<li>\u00c9thique<\/li>\n<\/ul>\n<p>L\u2019examen professionnel dure trois heures et est surveill\u00e9. Veuillez noter que vous n\u2019\u00eates pas interrog\u00e9 sur vos connaissances techniques en mati\u00e8re d\u2019urbanisme, mais sur des questions de professionnalisme. Les inscriptions prennent fin dix jours civils avant la date de l\u2019examen. Les inscriptions tardives ne sont pas accept\u00e9es, et votre inscription et votre paiement doivent nous parvenir avant la date limite. Le bureau du CNP confirmera la r\u00e9ception de votre paiement et vous informera par courriel du lieu et de l\u2019heure de l\u2019examen. Il s\u2019agit d\u2019un examen \u00e0 livre ferm\u00e9. Vous n\u2019\u00eates pas autoris\u00e9 \u00e0 prendre des notes ou \u00e0 utiliser un t\u00e9l\u00e9phone cellulaire et on vous demandera de laisser ce mat\u00e9riel ou ces appareils, ainsi que tout sac que vous pourriez avoir, \u00e0 l\u2019avant de la salle d\u2019examen. Vous devez apporter votre propre ordinateur portable, que vous utiliserez pour passer l\u2019examen. Veuillez vous assurer d\u2019apporter votre cordon d\u2019alimentation et tout autre accessoire dont votre ordinateur portable a besoin. Toute d\u00e9fectuosit\u00e9 technique entra\u00eenant l\u2019impossibilit\u00e9 de terminer l\u2019examen (par ex. Batterie d\u00e9charg\u00e9e) sera la responsabilit\u00e9 du candidat. De plus amples renseignements concernant l\u2019examen seront fournis aux candidats par courriel une fois qu\u2019ils se seront inscrits.<\/p>\n                    <\/div>\n                            <\/div>\n        <\/div>\n            \n\t<\/div>\n\n<!-- restart .inner container -->\n<div class=\"inner\"> \n    \n\n\n<div class=\"wp-block-buttons is-layout-flex wp-block-buttons-is-layout-flex\">\n<div class=\"wp-block-button\"><a class=\"wp-block-button__link wp-element-button\">Vous voulez en savoir plus ? Consultez notre FAQ sur l&rsquo;examen professionnel.<\/a><\/div>\n<\/div>\n","protected":false},"excerpt":{"rendered":"","protected":false},"author":2,"featured_media":0,"parent":0,"menu_order":30,"comment_status":"closed","ping_status":"closed","template":"page-exams.php","meta":{"_acf_changed":false,"_mc_calendar":[],"footnotes":""},"class_list":["post-868","page","type-page","status-publish","hentry"],"acf":[],"yoast_head":"<!-- This site is optimized with the Yoast SEO plugin v27.3 - https:\/\/yoast.com\/product\/yoast-seo-wordpress\/ -->\n<title>L\u2019examen professionnel - Professional Standards Board<\/title>\n<meta name=\"robots\" content=\"index, follow, max-snippet:-1, max-image-preview:large, max-video-preview:-1\" \/>\n<link rel=\"canonical\" href=\"https:\/\/psb-planningcanada.ca\/fr\/lexamen-professionnel\/\" \/>\n<meta property=\"og:locale\" content=\"fr_FR\" \/>\n<meta property=\"og:type\" content=\"article\" \/>\n<meta property=\"og:title\" content=\"L\u2019examen professionnel - Professional Standards Board\" \/>\n<meta property=\"og:url\" content=\"https:\/\/psb-planningcanada.ca\/fr\/lexamen-professionnel\/\" \/>\n<meta property=\"og:site_name\" content=\"Professional Standards Board\" \/>\n<meta property=\"article:modified_time\" content=\"2025-04-15T20:04:19+00:00\" \/>\n<meta name=\"twitter:card\" content=\"summary_large_image\" \/>\n<meta name=\"twitter:label1\" content=\"Dur\u00e9e de lecture estim\u00e9e\" \/>\n\t<meta name=\"twitter:data1\" content=\"1 minute\" \/>\n<script type=\"application\/ld+json\" class=\"yoast-schema-graph\">{\"@context\":\"https:\\\/\\\/schema.org\",\"@graph\":[{\"@type\":\"WebPage\",\"@id\":\"https:\\\/\\\/psb-planningcanada.ca\\\/fr\\\/lexamen-professionnel\\\/\",\"url\":\"https:\\\/\\\/psb-planningcanada.ca\\\/fr\\\/lexamen-professionnel\\\/\",\"name\":\"L\u2019examen professionnel - Professional Standards Board\",\"isPartOf\":{\"@id\":\"https:\\\/\\\/psb-planningcanada.ca\\\/#website\"},\"datePublished\":\"2019-04-26T19:43:36+00:00\",\"dateModified\":\"2025-04-15T20:04:19+00:00\",\"breadcrumb\":{\"@id\":\"https:\\\/\\\/psb-planningcanada.ca\\\/fr\\\/lexamen-professionnel\\\/#breadcrumb\"},\"inLanguage\":\"fr-FR\",\"potentialAction\":[{\"@type\":\"ReadAction\",\"target\":[\"https:\\\/\\\/psb-planningcanada.ca\\\/fr\\\/lexamen-professionnel\\\/\"]}]},{\"@type\":\"BreadcrumbList\",\"@id\":\"https:\\\/\\\/psb-planningcanada.ca\\\/fr\\\/lexamen-professionnel\\\/#breadcrumb\",\"itemListElement\":[{\"@type\":\"ListItem\",\"position\":1,\"name\":\"Accueil\",\"item\":\"https:\\\/\\\/psb-planningcanada.ca\\\/fr\\\/\"},{\"@type\":\"ListItem\",\"position\":2,\"name\":\"L\u2019examen professionnel\"}]},{\"@type\":\"WebSite\",\"@id\":\"https:\\\/\\\/psb-planningcanada.ca\\\/#website\",\"url\":\"https:\\\/\\\/psb-planningcanada.ca\\\/\",\"name\":\"Professional Standards Board\",\"description\":\"For the Planning Profession in Canada\",\"potentialAction\":[{\"@type\":\"SearchAction\",\"target\":{\"@type\":\"EntryPoint\",\"urlTemplate\":\"https:\\\/\\\/psb-planningcanada.ca\\\/?s={search_term_string}\"},\"query-input\":{\"@type\":\"PropertyValueSpecification\",\"valueRequired\":true,\"valueName\":\"search_term_string\"}}],\"inLanguage\":\"fr-FR\"}]}<\/script>\n<!-- \/ Yoast SEO plugin. -->","yoast_head_json":{"title":"L\u2019examen professionnel - Professional Standards Board","robots":{"index":"index","follow":"follow","max-snippet":"max-snippet:-1","max-image-preview":"max-image-preview:large","max-video-preview":"max-video-preview:-1"},"canonical":"https:\/\/psb-planningcanada.ca\/fr\/lexamen-professionnel\/","og_locale":"fr_FR","og_type":"article","og_title":"L\u2019examen professionnel - Professional Standards Board","og_url":"https:\/\/psb-planningcanada.ca\/fr\/lexamen-professionnel\/","og_site_name":"Professional Standards Board","article_modified_time":"2025-04-15T20:04:19+00:00","twitter_card":"summary_large_image","twitter_misc":{"Dur\u00e9e de lecture estim\u00e9e":"1 minute"},"schema":{"@context":"https:\/\/schema.org","@graph":[{"@type":"WebPage","@id":"https:\/\/psb-planningcanada.ca\/fr\/lexamen-professionnel\/","url":"https:\/\/psb-planningcanada.ca\/fr\/lexamen-professionnel\/","name":"L\u2019examen professionnel - Professional Standards Board","isPartOf":{"@id":"https:\/\/psb-planningcanada.ca\/#website"},"datePublished":"2019-04-26T19:43:36+00:00","dateModified":"2025-04-15T20:04:19+00:00","breadcrumb":{"@id":"https:\/\/psb-planningcanada.ca\/fr\/lexamen-professionnel\/#breadcrumb"},"inLanguage":"fr-FR","potentialAction":[{"@type":"ReadAction","target":["https:\/\/psb-planningcanada.ca\/fr\/lexamen-professionnel\/"]}]},{"@type":"BreadcrumbList","@id":"https:\/\/psb-planningcanada.ca\/fr\/lexamen-professionnel\/#breadcrumb","itemListElement":[{"@type":"ListItem","position":1,"name":"Accueil","item":"https:\/\/psb-planningcanada.ca\/fr\/"},{"@type":"ListItem","position":2,"name":"L\u2019examen professionnel"}]},{"@type":"WebSite","@id":"https:\/\/psb-planningcanada.ca\/#website","url":"https:\/\/psb-planningcanada.ca\/","name":"Professional Standards Board","description":"For the Planning Profession in Canada","potentialAction":[{"@type":"SearchAction","target":{"@type":"EntryPoint","urlTemplate":"https:\/\/psb-planningcanada.ca\/?s={search_term_string}"},"query-input":{"@type":"PropertyValueSpecification","valueRequired":true,"valueName":"search_term_string"}}],"inLanguage":"fr-FR"}]}},"_links":{"self":[{"href":"https:\/\/psb-planningcanada.ca\/fr\/wp-json\/wp\/v2\/pages\/868","targetHints":{"allow":["GET"]}}],"collection":[{"href":"https:\/\/psb-planningcanada.ca\/fr\/wp-json\/wp\/v2\/pages"}],"about":[{"href":"https:\/\/psb-planningcanada.ca\/fr\/wp-json\/wp\/v2\/types\/page"}],"author":[{"embeddable":true,"href":"https:\/\/psb-planningcanada.ca\/fr\/wp-json\/wp\/v2\/users\/2"}],"replies":[{"embeddable":true,"href":"https:\/\/psb-planningcanada.ca\/fr\/wp-json\/wp\/v2\/comments?post=868"}],"version-history":[{"count":63,"href":"https:\/\/psb-planningcanada.ca\/fr\/wp-json\/wp\/v2\/pages\/868\/revisions"}],"predecessor-version":[{"id":3810,"href":"https:\/\/psb-planningcanada.ca\/fr\/wp-json\/wp\/v2\/pages\/868\/revisions\/3810"}],"wp:attachment":[{"href":"https:\/\/psb-planningcanada.ca\/fr\/wp-json\/wp\/v2\/media?parent=868"}],"curies":[{"name":"wp","href":"https:\/\/api.w.org\/{rel}","templated":true}]}}