{"id":866,"date":"2019-04-26T15:41:56","date_gmt":"2019-04-26T19:41:56","guid":{"rendered":"https:\/\/psb-planningcanada.ca\/?page_id=866"},"modified":"2022-06-22T15:32:26","modified_gmt":"2022-06-22T19:32:26","slug":"cours-en-ethique-et-professionnalisme-et-test","status":"publish","type":"page","link":"https:\/\/psb-planningcanada.ca\/fr\/certification\/processus-de-certification\/cours-en-ethique-et-professionnalisme-et-test\/","title":{"rendered":"Cours en \u00e9thique et professionnalisme et test"},"content":{"rendered":"\n<p>Pour\u00a0 vous inscrire au cours en \u00e9thique et professionnalisme, veuillez<\/p>\n\n\n\n<div class=\"wp-block-buttons is-layout-flex wp-block-buttons-is-layout-flex\">\n<div class=\"wp-block-button\"><a class=\"wp-block-button__link\" href=\"https:\/\/psb-planningcanada.ca\/fr\/certification\/portail-pour-candidats\/\">Vous connecter au portail pour candidats<\/a><\/div>\n<\/div>\n\n\n<p><strong>Note de passage : 70 %<\/strong><\/p>\n<p><strong>Temps de traitement\u00a0: imm\u00e9diatement<\/strong><\/p>\n<p>Le cours en \u00e9thique et professionnalisme comprend huit modules, et le test consiste en une s\u00e9rie de questions \u00e0 choix multiples.<\/p>\n<img loading=\"lazy\" decoding=\"async\" class=\"alignright size-medium wp-image-609\" src=\"https:\/\/psb-planningcanada.ca\/wp-content\/uploads\/2019\/01\/Ethics_159274654_xl-2015-600x400.jpg\" alt=\"Ethics - Man writing exam\" width=\"600\" height=\"400\" srcset=\"https:\/\/psb-planningcanada.ca\/wp-content\/uploads\/2019\/01\/Ethics_159274654_xl-2015-600x400.jpg 600w, https:\/\/psb-planningcanada.ca\/wp-content\/uploads\/2019\/01\/Ethics_159274654_xl-2015.jpg 1200w\" sizes=\"auto, (max-width: 600px) 100vw, 600px\" \/>\n<p>Le test demande que vous choissiez la r\u00e9ponse que vous jugez est la plus correcte,\u00a0 \u00a0Votre test sera \u00e9valuer automatiquement, et vous recevrez votre r\u00e9sultat (r\u00e9ussi ou \u00e9chou\u00e9) imm\u00e9diatement. Malheureusement, en raison de la nature du test (r\u00e9ussite\/\u00e9chec), nous ne pouvons pas partager les r\u00e9sultats ou les commentaires sp\u00e9cifiques. Veuillez noter que la note de passage pour le test est de 70\u00a0%.<\/p>\n<p>Vous pouvez suivre le cours en \u00e9thique et professionnalisme et passer le test \u00e0 n\u2019importe quel moment apr\u00e8s que nous avons confirm\u00e9 votre adh\u00e9sion \u00e0 votre association ou institut provincial ou territorial, mais vous devez le r\u00e9ussir pour \u00eatre admissible \u00e0 passer l\u2019examen professionnel.<\/p>\n<p>Le test est \u00e0 livre ferm\u00e9 et on vous demandera de signer une attestation et une entente de confidentialit\u00e9 avant de commencer.<\/p>\n<p>Le test comprend quatre types de questions\u00a0:<\/p>\n<ol>\n<li><strong>\u00c9tudes de cas \u00e0 choix multiples :<\/strong>on vous pr\u00e9sentera des cas succincts et quatre plans d\u2019action diff\u00e9rents pour chacun, et on vous demandera de choisir celui qui vous semble le plus proche de ce que vous feriez ou diriez dans la situation donn\u00e9e.<\/li>\n<li><strong>Questions factuelles \u00e0 choix multiples :<\/strong>on vous posera des questions sur le contenu du cours, avec quatre r\u00e9ponses possibles, et on vous demandera de choisir la r\u00e9ponse qui vous semble la plus en accord avec le contenu.<\/li>\n<li><strong>Questions \u00e0 choix multiples et \u00e0 r\u00e9ponse directe :<\/strong>on vous remettra une s\u00e9rie d\u2019\u00e9nonc\u00e9s fond\u00e9s sur le contenu du cours, dont chacun comporte un ou plusieurs espaces vides, et on vous demandera de choisir parmi quatre options le ou les mots qui, \u00e0 votre avis, compl\u00e8tent correctement la phrase.<\/li>\n<li><strong>Questions de type vrai\/faux :<\/strong>\u00a0on vous remettra une s\u00e9rie d\u2019\u00e9nonc\u00e9s fond\u00e9s sur le mat\u00e9riel du cours et on vous demandera de les identifier comme vrais ou faux.<\/li>\n<\/ol>\n<p>Le cours comprend une liste de documents de lecture sugg\u00e9r\u00e9s.\u00a0 Ces documents ne sont pas obligatoires, mais ils peuvent vous aider \u00e0 mieux comprendre les enjeux \u00e9thiques et professionnels auxquels font face les urbanistes et vous donner l\u2019occasion d\u2019\u00eatre un praticien plus accompli dans la profession. Nous n\u2019avons pas de copies des lectures sugg\u00e9r\u00e9es en archive. N\u2019h\u00e9sitez pas \u00e0 consulter votre biblioth\u00e8que locale ou Amazon pour obtenir des exemplaires des documents compl\u00e9mentaires. Le contenu des autres modules est suffisant pour une compr\u00e9hension de base des concepts explor\u00e9s dans le cours et devrait vous pr\u00e9parer ad\u00e9quatement pour le test. Voici quelques liens qui pourraient vous \u00eatre utiles\u00a0:<\/p>\n<ul>\n<li><a href=\"https:\/\/www.amazon.ca\/Ethical-Issues-Professional-Life-Callahan\/dp\/0195050266\">https:\/\/www.amazon.ca\/Ethical-Issues-Professional-Life-Callahan\/dp\/0195050266<\/a><\/li>\n<li><a href=\"https:\/\/www.researchgate.net\/publication\/249694100_Rationality_Revisited_Planning_Paradigms_in_a_Post-Postmodernist_Perspective\">https:\/\/www.researchgate.net\/publication\/249694100_Rationality_Revisited_Planning_Paradigms_in_a_Post-Postmodernist_Perspective<\/a><\/li>\n<\/ul>\n\n\n<div class=\"wp-block-buttons is-layout-flex wp-block-buttons-is-layout-flex\">\n<div class=\"wp-block-button alignleft\"><a class=\"wp-block-button__link\" href=\"https:\/\/psb-planningcanada.ca\/fr\/certification\/portail-pour-candidats\/\">Inscrivez-vous!<\/a><\/div>\n<\/div>\n","protected":false},"excerpt":{"rendered":"<p>Pour\u00a0 vous inscrire au cours en \u00e9thique et professionnalisme, veuillez Note de passage : 70 % Temps de traitement\u00a0: imm\u00e9diatement Le cours en \u00e9thique et professionnalisme comprend huit modules, et le test consiste en une s\u00e9rie de questions \u00e0 choix multiples. Le test demande que vous choissiez la r\u00e9ponse que&#8230; <a class=\"read-more\" href=\"https:\/\/psb-planningcanada.ca\/fr\/certification\/processus-de-certification\/cours-en-ethique-et-professionnalisme-et-test\/\">Read More<span class=\"hidden\"> about \u00ab\u00a0Cours en \u00e9thique et professionnalisme et test\u00a0\u00bb<\/span><\/a><\/p>\n","protected":false},"author":2,"featured_media":0,"parent":522,"menu_order":50,"comment_status":"closed","ping_status":"closed","template":"","meta":{"_acf_changed":false,"_mc_calendar":[],"footnotes":""},"class_list":["post-866","page","type-page","status-publish","hentry"],"acf":[],"yoast_head":"<!-- This site is optimized with the Yoast SEO plugin v27.3 - https:\/\/yoast.com\/product\/yoast-seo-wordpress\/ -->\n<title>Cours en \u00e9thique et professionnalisme et test - Professional Standards Board<\/title>\n<meta name=\"robots\" content=\"index, follow, max-snippet:-1, max-image-preview:large, max-video-preview:-1\" \/>\n<link rel=\"canonical\" href=\"https:\/\/psb-planningcanada.ca\/fr\/certification\/processus-de-certification\/cours-en-ethique-et-professionnalisme-et-test\/\" \/>\n<meta property=\"og:locale\" content=\"fr_FR\" \/>\n<meta property=\"og:type\" content=\"article\" \/>\n<meta property=\"og:title\" content=\"Cours en \u00e9thique et professionnalisme et test - Professional Standards Board\" \/>\n<meta property=\"og:description\" content=\"Pour\u00a0 vous inscrire au cours en \u00e9thique et professionnalisme, veuillez Note de passage : 70 % Temps de traitement\u00a0: imm\u00e9diatement Le cours en \u00e9thique et professionnalisme comprend huit modules, et le test consiste en une s\u00e9rie de questions \u00e0 choix multiples. Le test demande que vous choissiez la r\u00e9ponse que... Read More about &quot;Cours en \u00e9thique et professionnalisme et test&quot;\" \/>\n<meta property=\"og:url\" content=\"https:\/\/psb-planningcanada.ca\/fr\/certification\/processus-de-certification\/cours-en-ethique-et-professionnalisme-et-test\/\" \/>\n<meta property=\"og:site_name\" content=\"Professional Standards Board\" \/>\n<meta property=\"article:modified_time\" content=\"2022-06-22T19:32:26+00:00\" \/>\n<meta property=\"og:image\" content=\"https:\/\/psb-planningcanada.ca\/wp-content\/uploads\/2019\/01\/Ethics_159274654_xl-2015-600x400.jpg\" \/>\n<meta name=\"twitter:card\" content=\"summary_large_image\" \/>\n<meta name=\"twitter:label1\" content=\"Dur\u00e9e de lecture estim\u00e9e\" \/>\n\t<meta name=\"twitter:data1\" content=\"3 minutes\" \/>\n<script type=\"application\/ld+json\" class=\"yoast-schema-graph\">{\"@context\":\"https:\\\/\\\/schema.org\",\"@graph\":[{\"@type\":\"WebPage\",\"@id\":\"https:\\\/\\\/psb-planningcanada.ca\\\/fr\\\/certification\\\/processus-de-certification\\\/cours-en-ethique-et-professionnalisme-et-test\\\/\",\"url\":\"https:\\\/\\\/psb-planningcanada.ca\\\/fr\\\/certification\\\/processus-de-certification\\\/cours-en-ethique-et-professionnalisme-et-test\\\/\",\"name\":\"Cours en \u00e9thique et professionnalisme et test - Professional Standards Board\",\"isPartOf\":{\"@id\":\"https:\\\/\\\/psb-planningcanada.ca\\\/#website\"},\"primaryImageOfPage\":{\"@id\":\"https:\\\/\\\/psb-planningcanada.ca\\\/fr\\\/certification\\\/processus-de-certification\\\/cours-en-ethique-et-professionnalisme-et-test\\\/#primaryimage\"},\"image\":{\"@id\":\"https:\\\/\\\/psb-planningcanada.ca\\\/fr\\\/certification\\\/processus-de-certification\\\/cours-en-ethique-et-professionnalisme-et-test\\\/#primaryimage\"},\"thumbnailUrl\":\"https:\\\/\\\/psb-planningcanada.ca\\\/wp-content\\\/uploads\\\/2019\\\/01\\\/Ethics_159274654_xl-2015-600x400.jpg\",\"datePublished\":\"2019-04-26T19:41:56+00:00\",\"dateModified\":\"2022-06-22T19:32:26+00:00\",\"breadcrumb\":{\"@id\":\"https:\\\/\\\/psb-planningcanada.ca\\\/fr\\\/certification\\\/processus-de-certification\\\/cours-en-ethique-et-professionnalisme-et-test\\\/#breadcrumb\"},\"inLanguage\":\"fr-FR\",\"potentialAction\":[{\"@type\":\"ReadAction\",\"target\":[\"https:\\\/\\\/psb-planningcanada.ca\\\/fr\\\/certification\\\/processus-de-certification\\\/cours-en-ethique-et-professionnalisme-et-test\\\/\"]}]},{\"@type\":\"ImageObject\",\"inLanguage\":\"fr-FR\",\"@id\":\"https:\\\/\\\/psb-planningcanada.ca\\\/fr\\\/certification\\\/processus-de-certification\\\/cours-en-ethique-et-professionnalisme-et-test\\\/#primaryimage\",\"url\":\"https:\\\/\\\/psb-planningcanada.ca\\\/wp-content\\\/uploads\\\/2019\\\/01\\\/Ethics_159274654_xl-2015-600x400.jpg\",\"contentUrl\":\"https:\\\/\\\/psb-planningcanada.ca\\\/wp-content\\\/uploads\\\/2019\\\/01\\\/Ethics_159274654_xl-2015-600x400.jpg\"},{\"@type\":\"BreadcrumbList\",\"@id\":\"https:\\\/\\\/psb-planningcanada.ca\\\/fr\\\/certification\\\/processus-de-certification\\\/cours-en-ethique-et-professionnalisme-et-test\\\/#breadcrumb\",\"itemListElement\":[{\"@type\":\"ListItem\",\"position\":1,\"name\":\"Accueil\",\"item\":\"https:\\\/\\\/psb-planningcanada.ca\\\/fr\\\/\"},{\"@type\":\"ListItem\",\"position\":2,\"name\":\"Certification\",\"item\":\"https:\\\/\\\/psb-planningcanada.ca\\\/fr\\\/certification\\\/\"},{\"@type\":\"ListItem\",\"position\":3,\"name\":\"Processus de certification\",\"item\":\"https:\\\/\\\/psb-planningcanada.ca\\\/fr\\\/certification\\\/processus-de-certification\\\/\"},{\"@type\":\"ListItem\",\"position\":4,\"name\":\"Cours en \u00e9thique et professionnalisme et test\"}]},{\"@type\":\"WebSite\",\"@id\":\"https:\\\/\\\/psb-planningcanada.ca\\\/#website\",\"url\":\"https:\\\/\\\/psb-planningcanada.ca\\\/\",\"name\":\"Professional Standards Board\",\"description\":\"For the Planning Profession in Canada\",\"potentialAction\":[{\"@type\":\"SearchAction\",\"target\":{\"@type\":\"EntryPoint\",\"urlTemplate\":\"https:\\\/\\\/psb-planningcanada.ca\\\/?s={search_term_string}\"},\"query-input\":{\"@type\":\"PropertyValueSpecification\",\"valueRequired\":true,\"valueName\":\"search_term_string\"}}],\"inLanguage\":\"fr-FR\"}]}<\/script>\n<!-- \/ Yoast SEO plugin. -->","yoast_head_json":{"title":"Cours en \u00e9thique et professionnalisme et test - Professional Standards Board","robots":{"index":"index","follow":"follow","max-snippet":"max-snippet:-1","max-image-preview":"max-image-preview:large","max-video-preview":"max-video-preview:-1"},"canonical":"https:\/\/psb-planningcanada.ca\/fr\/certification\/processus-de-certification\/cours-en-ethique-et-professionnalisme-et-test\/","og_locale":"fr_FR","og_type":"article","og_title":"Cours en \u00e9thique et professionnalisme et test - Professional Standards Board","og_description":"Pour\u00a0 vous inscrire au cours en \u00e9thique et professionnalisme, veuillez Note de passage : 70 % Temps de traitement\u00a0: imm\u00e9diatement Le cours en \u00e9thique et professionnalisme comprend huit modules, et le test consiste en une s\u00e9rie de questions \u00e0 choix multiples. Le test demande que vous choissiez la r\u00e9ponse que... Read More about \"Cours en \u00e9thique et professionnalisme et test\"","og_url":"https:\/\/psb-planningcanada.ca\/fr\/certification\/processus-de-certification\/cours-en-ethique-et-professionnalisme-et-test\/","og_site_name":"Professional Standards Board","article_modified_time":"2022-06-22T19:32:26+00:00","og_image":[{"url":"https:\/\/psb-planningcanada.ca\/wp-content\/uploads\/2019\/01\/Ethics_159274654_xl-2015-600x400.jpg","type":"","width":"","height":""}],"twitter_card":"summary_large_image","twitter_misc":{"Dur\u00e9e de lecture estim\u00e9e":"3 minutes"},"schema":{"@context":"https:\/\/schema.org","@graph":[{"@type":"WebPage","@id":"https:\/\/psb-planningcanada.ca\/fr\/certification\/processus-de-certification\/cours-en-ethique-et-professionnalisme-et-test\/","url":"https:\/\/psb-planningcanada.ca\/fr\/certification\/processus-de-certification\/cours-en-ethique-et-professionnalisme-et-test\/","name":"Cours en \u00e9thique et professionnalisme et test - Professional Standards Board","isPartOf":{"@id":"https:\/\/psb-planningcanada.ca\/#website"},"primaryImageOfPage":{"@id":"https:\/\/psb-planningcanada.ca\/fr\/certification\/processus-de-certification\/cours-en-ethique-et-professionnalisme-et-test\/#primaryimage"},"image":{"@id":"https:\/\/psb-planningcanada.ca\/fr\/certification\/processus-de-certification\/cours-en-ethique-et-professionnalisme-et-test\/#primaryimage"},"thumbnailUrl":"https:\/\/psb-planningcanada.ca\/wp-content\/uploads\/2019\/01\/Ethics_159274654_xl-2015-600x400.jpg","datePublished":"2019-04-26T19:41:56+00:00","dateModified":"2022-06-22T19:32:26+00:00","breadcrumb":{"@id":"https:\/\/psb-planningcanada.ca\/fr\/certification\/processus-de-certification\/cours-en-ethique-et-professionnalisme-et-test\/#breadcrumb"},"inLanguage":"fr-FR","potentialAction":[{"@type":"ReadAction","target":["https:\/\/psb-planningcanada.ca\/fr\/certification\/processus-de-certification\/cours-en-ethique-et-professionnalisme-et-test\/"]}]},{"@type":"ImageObject","inLanguage":"fr-FR","@id":"https:\/\/psb-planningcanada.ca\/fr\/certification\/processus-de-certification\/cours-en-ethique-et-professionnalisme-et-test\/#primaryimage","url":"https:\/\/psb-planningcanada.ca\/wp-content\/uploads\/2019\/01\/Ethics_159274654_xl-2015-600x400.jpg","contentUrl":"https:\/\/psb-planningcanada.ca\/wp-content\/uploads\/2019\/01\/Ethics_159274654_xl-2015-600x400.jpg"},{"@type":"BreadcrumbList","@id":"https:\/\/psb-planningcanada.ca\/fr\/certification\/processus-de-certification\/cours-en-ethique-et-professionnalisme-et-test\/#breadcrumb","itemListElement":[{"@type":"ListItem","position":1,"name":"Accueil","item":"https:\/\/psb-planningcanada.ca\/fr\/"},{"@type":"ListItem","position":2,"name":"Certification","item":"https:\/\/psb-planningcanada.ca\/fr\/certification\/"},{"@type":"ListItem","position":3,"name":"Processus de certification","item":"https:\/\/psb-planningcanada.ca\/fr\/certification\/processus-de-certification\/"},{"@type":"ListItem","position":4,"name":"Cours en \u00e9thique et professionnalisme et test"}]},{"@type":"WebSite","@id":"https:\/\/psb-planningcanada.ca\/#website","url":"https:\/\/psb-planningcanada.ca\/","name":"Professional Standards Board","description":"For the Planning Profession in Canada","potentialAction":[{"@type":"SearchAction","target":{"@type":"EntryPoint","urlTemplate":"https:\/\/psb-planningcanada.ca\/?s={search_term_string}"},"query-input":{"@type":"PropertyValueSpecification","valueRequired":true,"valueName":"search_term_string"}}],"inLanguage":"fr-FR"}]}},"_links":{"self":[{"href":"https:\/\/psb-planningcanada.ca\/fr\/wp-json\/wp\/v2\/pages\/866","targetHints":{"allow":["GET"]}}],"collection":[{"href":"https:\/\/psb-planningcanada.ca\/fr\/wp-json\/wp\/v2\/pages"}],"about":[{"href":"https:\/\/psb-planningcanada.ca\/fr\/wp-json\/wp\/v2\/types\/page"}],"author":[{"embeddable":true,"href":"https:\/\/psb-planningcanada.ca\/fr\/wp-json\/wp\/v2\/users\/2"}],"replies":[{"embeddable":true,"href":"https:\/\/psb-planningcanada.ca\/fr\/wp-json\/wp\/v2\/comments?post=866"}],"version-history":[{"count":4,"href":"https:\/\/psb-planningcanada.ca\/fr\/wp-json\/wp\/v2\/pages\/866\/revisions"}],"predecessor-version":[{"id":3035,"href":"https:\/\/psb-planningcanada.ca\/fr\/wp-json\/wp\/v2\/pages\/866\/revisions\/3035"}],"up":[{"embeddable":true,"href":"https:\/\/psb-planningcanada.ca\/fr\/wp-json\/wp\/v2\/pages\/522"}],"wp:attachment":[{"href":"https:\/\/psb-planningcanada.ca\/fr\/wp-json\/wp\/v2\/media?parent=866"}],"curies":[{"name":"wp","href":"https:\/\/api.w.org\/{rel}","templated":true}]}}