{"id":547,"date":"2019-01-11T13:31:11","date_gmt":"2019-01-11T18:31:11","guid":{"rendered":"https:\/\/psb-planningcanada.ca\/?page_id=547"},"modified":"2024-08-12T11:17:35","modified_gmt":"2024-08-12T15:17:35","slug":"personnel-du-cnp","status":"publish","type":"page","link":"https:\/\/psb-planningcanada.ca\/fr\/contactez-nous\/personnel-du-cnp\/","title":{"rendered":"Personnel du CNP"},"content":{"rendered":"<p>Si vous ne trouvez pas la r\u00e9ponse \u00e0 une question, ou si vous n\u2019\u00eates pas certain de quoi que ce soit, n\u2019h\u00e9sitez pas \u00e0 nous communiquer avec nous\u00a0:<\/p>\n<ul>\n<li>Larissa Johnston, Directrice ex\u00e9cutive \u2013 <a href=\"mailto:executivedirector@psb-planningcanada.ca\">executivedirector@psb-planningcanada.ca<\/a><\/li>\n<li>Ryan Jones, Directeur des op\u00e9rations \u2013 <a href=\"mailto:operations@psb-planningcanada.ca\">operations@psb-planningcanada.ca<\/a><\/li>\n<li>Calandra Muller, Directrice de certification \u2013 <a href=\"mailto:certification@psb-planningcanada.ca\">certification@psb-planningcanada.ca<\/a><\/li>\n<\/ul>\n<p><em>Le CNP se rend \u00e9galement \u00e0 de nombreuses conf\u00e9rences d\u2019associations ou d\u2019instituts provinciaux ou territoriaux, ainsi qu\u2019aux campus accr\u00e9dit\u00e9s des programmes en urbanisme, alors n\u2019h\u00e9sitez pas \u00e0 communiquer avec nous \u00e0 ces occasions.<\/em> <strong>Professional Standards Board for the Planning Profession in Canada<\/strong> 1 Eglinton Ave. E., Suite 705 Toronto, ON M4P 3A1 T\u00e9l: 647-317-6924 Sans frais 1-844-202-9002 Fax: 416-981-8759 <div class=\"frm_forms  with_frm_style frm_style_formidable-style\" id=\"frm_form_6_container\" ><form enctype=\"multipart\/form-data\" method=\"post\" class=\"frm-show-form  frm_js_validate  frm_pro_form \" id=\"form_of4a6\" ><div class=\"frm_form_fields \"><fieldset><legend class=\"frm_screen_reader\">Contactez-nous<\/legend><div class=\"frm_fields_container\"><input type=\"hidden\" name=\"frm_action\" value=\"create\" \/><input type=\"hidden\" name=\"form_id\" value=\"6\" \/><input type=\"hidden\" name=\"frm_hide_fields_6\" id=\"frm_hide_fields_6\" value=\"\" \/><input type=\"hidden\" name=\"form_key\" value=\"of4a6\" \/><input type=\"hidden\" name=\"item_meta[0]\" value=\"\" \/><input type=\"hidden\" id=\"frm_submit_entry_6\" name=\"frm_submit_entry_6\" value=\"c6c9806ea9\" \/><input type=\"hidden\" name=\"_wp_http_referer\" value=\"\/fr\/wp-json\/wp\/v2\/pages\/547\" \/><div id=\"frm_field_77_container\" class=\"frm_form_field form-field  frm_required_field frm_top_container\"><label for=\"field_4y5rx\" class=\"frm_primary_label\">Nom<span class=\"frm_required\">(required)<\/span><\/label><input type=\"text\" id=\"field_4y5rx\" name=\"item_meta[77]\" value=\"\"  data-reqmsg=\"Please enter your name\" aria-required=\"true\" data-invmsg=\"Text is invalid\" aria-invalid=\"false\"  \/><\/div><div id=\"frm_field_78_container\" class=\"frm_form_field form-field  frm_required_field frm_top_container\"><label for=\"field_5hh66\" class=\"frm_primary_label\">Courriel<span class=\"frm_required\">(required)<\/span><\/label><input type=\"email\" id=\"field_5hh66\" name=\"item_meta[78]\" value=\"\"  data-reqmsg=\"Please enter your email address\" aria-required=\"true\" data-invmsg=\"Email is invalid\" aria-invalid=\"false\"  \/><\/div><div id=\"frm_field_79_container\" class=\"frm_form_field form-field  frm_required_field frm_top_container\"><label for=\"field_ixkwm\" class=\"frm_primary_label\">Message<span class=\"frm_required\">(required)<\/span><\/label><textarea name=\"item_meta[79]\" id=\"field_ixkwm\" rows=\"5\"  data-reqmsg=\"Please enter a message\" aria-required=\"true\" data-invmsg=\"Message est non valide\" aria-invalid=\"false\"  ><\/textarea><\/div><input type=\"hidden\" name=\"item_key\" value=\"\" \/><div id=\"frm_field_134_container\"><label for=\"field_m5mje\" >Si vous \u00eates un humain, ne remplissez pas ce champ.<\/label><input  id=\"field_m5mje\" type=\"text\" class=\"frm_form_field form-field frm_verify\" name=\"item_meta[134]\" value=\"\"  \/><\/div><input name=\"frm_state\" type=\"hidden\" value=\"hzAGzadoew3kZGT7v7giKEMSdzR493xrk6XgL801rWk=\" \/><div class=\"frm_submit\"><button class=\"frm_button_submit frm_final_submit\" type=\"submit\"   formnovalidate=\"formnovalidate\">Submit<\/button><\/div><\/div><\/fieldset><\/div><p style=\"display: none !important;\" class=\"akismet-fields-container\" data-prefix=\"ak_\"><label>&#916;<textarea name=\"ak_hp_textarea\" cols=\"45\" rows=\"8\" maxlength=\"100\"><\/textarea><\/label><input type=\"hidden\" id=\"ak_js_1\" name=\"ak_js\" value=\"77\"\/><script>document.getElementById( \"ak_js_1\" ).setAttribute( \"value\", ( new Date() ).getTime() );<\/script><\/p><\/form><\/div><\/p>\n","protected":false},"excerpt":{"rendered":"<p>Si vous ne trouvez pas la r\u00e9ponse \u00e0 une question, ou si vous n\u2019\u00eates pas certain de quoi que ce soit, n\u2019h\u00e9sitez pas \u00e0 nous communiquer avec nous\u00a0: Larissa Johnston, Directrice ex\u00e9cutive \u2013 executivedirector@psb-planningcanada.ca Ryan Jones, Directeur des op\u00e9rations \u2013 operations@psb-planningcanada.ca Calandra Muller, Directrice de certification \u2013 certification@psb-planningcanada.ca Le CNP&#8230; <a class=\"read-more\" href=\"https:\/\/psb-planningcanada.ca\/fr\/contactez-nous\/personnel-du-cnp\/\">Read More<span class=\"hidden\"> about \u00ab\u00a0Personnel du CNP\u00a0\u00bb<\/span><\/a><\/p>\n","protected":false},"author":1,"featured_media":0,"parent":543,"menu_order":10,"comment_status":"closed","ping_status":"closed","template":"","meta":{"_acf_changed":false,"_mc_calendar":[],"footnotes":""},"class_list":["post-547","page","type-page","status-publish","hentry"],"acf":[],"yoast_head":"<!-- This site is optimized with the Yoast SEO plugin v27.3 - https:\/\/yoast.com\/product\/yoast-seo-wordpress\/ -->\n<title>Personnel du CNP - Professional Standards Board<\/title>\n<meta name=\"robots\" content=\"index, follow, max-snippet:-1, max-image-preview:large, max-video-preview:-1\" \/>\n<link rel=\"canonical\" href=\"https:\/\/psb-planningcanada.ca\/fr\/contactez-nous\/personnel-du-cnp\/\" \/>\n<meta property=\"og:locale\" content=\"fr_FR\" \/>\n<meta property=\"og:type\" content=\"article\" \/>\n<meta property=\"og:title\" content=\"Personnel du CNP - Professional Standards Board\" \/>\n<meta property=\"og:description\" content=\"Si vous ne trouvez pas la r\u00e9ponse \u00e0 une question, ou si vous n\u2019\u00eates pas certain de quoi que ce soit, n\u2019h\u00e9sitez pas \u00e0 nous communiquer avec nous\u00a0: Larissa Johnston, Directrice ex\u00e9cutive \u2013 executivedirector@psb-planningcanada.ca Ryan Jones, Directeur des op\u00e9rations \u2013 operations@psb-planningcanada.ca Calandra Muller, Directrice de certification \u2013 certification@psb-planningcanada.ca Le CNP... Read More about &quot;Personnel du CNP&quot;\" \/>\n<meta property=\"og:url\" content=\"https:\/\/psb-planningcanada.ca\/fr\/contactez-nous\/personnel-du-cnp\/\" \/>\n<meta property=\"og:site_name\" content=\"Professional Standards Board\" \/>\n<meta property=\"article:modified_time\" content=\"2024-08-12T15:17:35+00:00\" \/>\n<meta name=\"twitter:card\" content=\"summary_large_image\" \/>\n<meta name=\"twitter:label1\" content=\"Dur\u00e9e de lecture estim\u00e9e\" \/>\n\t<meta name=\"twitter:data1\" content=\"1 minute\" \/>\n<script type=\"application\/ld+json\" class=\"yoast-schema-graph\">{\"@context\":\"https:\\\/\\\/schema.org\",\"@graph\":[{\"@type\":\"WebPage\",\"@id\":\"https:\\\/\\\/psb-planningcanada.ca\\\/fr\\\/contactez-nous\\\/personnel-du-cnp\\\/\",\"url\":\"https:\\\/\\\/psb-planningcanada.ca\\\/fr\\\/contactez-nous\\\/personnel-du-cnp\\\/\",\"name\":\"Personnel du CNP - Professional Standards Board\",\"isPartOf\":{\"@id\":\"https:\\\/\\\/psb-planningcanada.ca\\\/#website\"},\"datePublished\":\"2019-01-11T18:31:11+00:00\",\"dateModified\":\"2024-08-12T15:17:35+00:00\",\"breadcrumb\":{\"@id\":\"https:\\\/\\\/psb-planningcanada.ca\\\/fr\\\/contactez-nous\\\/personnel-du-cnp\\\/#breadcrumb\"},\"inLanguage\":\"fr-FR\",\"potentialAction\":[{\"@type\":\"ReadAction\",\"target\":[\"https:\\\/\\\/psb-planningcanada.ca\\\/fr\\\/contactez-nous\\\/personnel-du-cnp\\\/\"]}]},{\"@type\":\"BreadcrumbList\",\"@id\":\"https:\\\/\\\/psb-planningcanada.ca\\\/fr\\\/contactez-nous\\\/personnel-du-cnp\\\/#breadcrumb\",\"itemListElement\":[{\"@type\":\"ListItem\",\"position\":1,\"name\":\"Accueil\",\"item\":\"https:\\\/\\\/psb-planningcanada.ca\\\/fr\\\/\"},{\"@type\":\"ListItem\",\"position\":2,\"name\":\"Contactez-nous\",\"item\":\"https:\\\/\\\/psb-planningcanada.ca\\\/fr\\\/contactez-nous\\\/\"},{\"@type\":\"ListItem\",\"position\":3,\"name\":\"Personnel du CNP\"}]},{\"@type\":\"WebSite\",\"@id\":\"https:\\\/\\\/psb-planningcanada.ca\\\/#website\",\"url\":\"https:\\\/\\\/psb-planningcanada.ca\\\/\",\"name\":\"Professional Standards Board\",\"description\":\"For the Planning Profession in Canada\",\"potentialAction\":[{\"@type\":\"SearchAction\",\"target\":{\"@type\":\"EntryPoint\",\"urlTemplate\":\"https:\\\/\\\/psb-planningcanada.ca\\\/?s={search_term_string}\"},\"query-input\":{\"@type\":\"PropertyValueSpecification\",\"valueRequired\":true,\"valueName\":\"search_term_string\"}}],\"inLanguage\":\"fr-FR\"}]}<\/script>\n<!-- \/ Yoast SEO plugin. -->","yoast_head_json":{"title":"Personnel du CNP - Professional Standards Board","robots":{"index":"index","follow":"follow","max-snippet":"max-snippet:-1","max-image-preview":"max-image-preview:large","max-video-preview":"max-video-preview:-1"},"canonical":"https:\/\/psb-planningcanada.ca\/fr\/contactez-nous\/personnel-du-cnp\/","og_locale":"fr_FR","og_type":"article","og_title":"Personnel du CNP - Professional Standards Board","og_description":"Si vous ne trouvez pas la r\u00e9ponse \u00e0 une question, ou si vous n\u2019\u00eates pas certain de quoi que ce soit, n\u2019h\u00e9sitez pas \u00e0 nous communiquer avec nous\u00a0: Larissa Johnston, Directrice ex\u00e9cutive \u2013 executivedirector@psb-planningcanada.ca Ryan Jones, Directeur des op\u00e9rations \u2013 operations@psb-planningcanada.ca Calandra Muller, Directrice de certification \u2013 certification@psb-planningcanada.ca Le CNP... Read More about \"Personnel du CNP\"","og_url":"https:\/\/psb-planningcanada.ca\/fr\/contactez-nous\/personnel-du-cnp\/","og_site_name":"Professional Standards Board","article_modified_time":"2024-08-12T15:17:35+00:00","twitter_card":"summary_large_image","twitter_misc":{"Dur\u00e9e de lecture estim\u00e9e":"1 minute"},"schema":{"@context":"https:\/\/schema.org","@graph":[{"@type":"WebPage","@id":"https:\/\/psb-planningcanada.ca\/fr\/contactez-nous\/personnel-du-cnp\/","url":"https:\/\/psb-planningcanada.ca\/fr\/contactez-nous\/personnel-du-cnp\/","name":"Personnel du CNP - Professional Standards Board","isPartOf":{"@id":"https:\/\/psb-planningcanada.ca\/#website"},"datePublished":"2019-01-11T18:31:11+00:00","dateModified":"2024-08-12T15:17:35+00:00","breadcrumb":{"@id":"https:\/\/psb-planningcanada.ca\/fr\/contactez-nous\/personnel-du-cnp\/#breadcrumb"},"inLanguage":"fr-FR","potentialAction":[{"@type":"ReadAction","target":["https:\/\/psb-planningcanada.ca\/fr\/contactez-nous\/personnel-du-cnp\/"]}]},{"@type":"BreadcrumbList","@id":"https:\/\/psb-planningcanada.ca\/fr\/contactez-nous\/personnel-du-cnp\/#breadcrumb","itemListElement":[{"@type":"ListItem","position":1,"name":"Accueil","item":"https:\/\/psb-planningcanada.ca\/fr\/"},{"@type":"ListItem","position":2,"name":"Contactez-nous","item":"https:\/\/psb-planningcanada.ca\/fr\/contactez-nous\/"},{"@type":"ListItem","position":3,"name":"Personnel du CNP"}]},{"@type":"WebSite","@id":"https:\/\/psb-planningcanada.ca\/#website","url":"https:\/\/psb-planningcanada.ca\/","name":"Professional Standards Board","description":"For the Planning Profession in Canada","potentialAction":[{"@type":"SearchAction","target":{"@type":"EntryPoint","urlTemplate":"https:\/\/psb-planningcanada.ca\/?s={search_term_string}"},"query-input":{"@type":"PropertyValueSpecification","valueRequired":true,"valueName":"search_term_string"}}],"inLanguage":"fr-FR"}]}},"_links":{"self":[{"href":"https:\/\/psb-planningcanada.ca\/fr\/wp-json\/wp\/v2\/pages\/547","targetHints":{"allow":["GET"]}}],"collection":[{"href":"https:\/\/psb-planningcanada.ca\/fr\/wp-json\/wp\/v2\/pages"}],"about":[{"href":"https:\/\/psb-planningcanada.ca\/fr\/wp-json\/wp\/v2\/types\/page"}],"author":[{"embeddable":true,"href":"https:\/\/psb-planningcanada.ca\/fr\/wp-json\/wp\/v2\/users\/1"}],"replies":[{"embeddable":true,"href":"https:\/\/psb-planningcanada.ca\/fr\/wp-json\/wp\/v2\/comments?post=547"}],"version-history":[{"count":16,"href":"https:\/\/psb-planningcanada.ca\/fr\/wp-json\/wp\/v2\/pages\/547\/revisions"}],"predecessor-version":[{"id":3738,"href":"https:\/\/psb-planningcanada.ca\/fr\/wp-json\/wp\/v2\/pages\/547\/revisions\/3738"}],"up":[{"embeddable":true,"href":"https:\/\/psb-planningcanada.ca\/fr\/wp-json\/wp\/v2\/pages\/543"}],"wp:attachment":[{"href":"https:\/\/psb-planningcanada.ca\/fr\/wp-json\/wp\/v2\/media?parent=547"}],"curies":[{"name":"wp","href":"https:\/\/api.w.org\/{rel}","templated":true}]}}