{"id":526,"date":"2019-01-11T13:21:03","date_gmt":"2019-01-11T18:21:03","guid":{"rendered":"https:\/\/psb-planningcanada.ca\/?page_id=526"},"modified":"2019-06-10T11:21:22","modified_gmt":"2019-06-10T15:21:22","slug":"processus-de-candidats","status":"publish","type":"page","link":"https:\/\/psb-planningcanada.ca\/fr\/certification\/processus-de-certification\/processus-de-candidats\/","title":{"rendered":"Processus de candidats"},"content":{"rendered":"<h2>Processus pour les candidats \u2013 Pour se d\u00e9buter<\/h2>\n<p>Pour obtenir la certification en tant qu\u2019urbaniste professionnel, vous devrez suivre les \u00e9tapes suivantes\u00a0:<\/p>\n<ol>\n<li>Une fois que vous \u00eates employ\u00e9(e) en urbanisme, <a href=\"https:\/\/psb-planningcanada.ca\/fr\/certification\/portail-pour-candidats\/\">soumettez une demande<\/a> d\u2019\u00e9valuation au Conseil des normes professionnelles (CNP) par la voie appropri\u00e9e, et recevez son approbation pour la demande. Nous examinerons votre demande et, si elle r\u00e9pond aux normes, nous la transmettrons \u00e0 votre AIPT qui vous inscrira comme membre candidat (frais d\u2019adh\u00e9sion s\u00e9par\u00e9s requis). Le d\u00e9lai de traitement est de 1 \u00e0 2 semaines.<\/li>\n<li>\u00catre accept\u00e9 \u00e0 titre de membre candidat par un des instituts ou associations provinciaux ou territoriaux. La r\u00e9ussite du processus d\u2019\u00e9valuation du CNP n\u2019accorde pas automatiquement la qualit\u00e9 de membre \u00e0 part enti\u00e8re.\u00a0 L\u2019admission officielle \u00e0 titre de membre \u00e0 part enti\u00e8re est la pr\u00e9rogative de l&rsquo;insitut ou association \u00e0 la suite de notre processus d\u2019\u00e9valuation. <strong>*Veuillez noter que vous ne pouvez pas commencer le processus du CNP avant que l\u2019adh\u00e9sion de ce candidat n\u2019ait \u00e9t\u00e9 confirm\u00e9e. \u00a0<\/strong>Le d\u00e9lai de traitement est de 1 semaine \u00e0 4 mois.\u00a0En tant que candidat, vous pouvez alors commencer \u00e0 travailler en vue d\u2019obtenir votre certification.<\/li>\n<li>Soumettre votre\u00a0<a href=\"https:\/\/psb-planningcanada.ca\/fr\/certification\/processus-de-certification\/mentorat\/\">accord de mentorat<\/a>\u00a0et votre\u00a0<a href=\"https:\/\/psb-planningcanada.ca\/fr\/certification\/processus-de-certification\/parrainage\/\">accord de parrainage<\/a> au bureau du CNP.<\/li>\n<li>Suivre le <a href=\"https:\/\/psb-planningcanada.ca\/fr\/certification\/processus-de-certification\/cours-en-ethique-et-professionnalisme-et-test\/\">cours en \u00e9thique et professionnalisme et passer l\u2019examen<\/a>.<\/li>\n<li><a href=\"https:\/\/psb-planningcanada.ca\/fr\/certification\/processus-de-certification\/parrainage\/\">Parrainage<\/a>\u00a0\u2013\u00a0Accumulez l\u2019exp\u00e9rience responsable appropri\u00e9e de qualification en urbanisme professionnel (l\u2019\u00e9quivalent de deux ans d\u2019exp\u00e9rience est n\u00e9cessaire si vous pr\u00e9sentez une demande de dipl\u00f4me accr\u00e9dit\u00e9; ou l\u2019\u00e9quivalent d\u2019un an d\u2019exp\u00e9rience par le biais du processus d\u2019\u00e9valuation et de reconnaissance des acquis (ERA) ou du processus r\u00e9ciproque et d\u2019\u00e9quivalence, et faites valider vos exp\u00e9riences accumul\u00e9es par votre parrain.\u00a0Soumettez les exp\u00e9riences accumul\u00e9es au CNP pour approbation. Le d\u00e9lai de traitement est de 1 \u00e0 2 semaines.<\/li>\n<li><a href=\"https:\/\/psb-planningcanada.ca\/fr\/certification\/processus-de-certification\/mentorat\/\">Mentorat<\/a>\u00a0\u2013 Effectuez au moins un an de mentorat et demandez \u00e0 votre mentor d\u2019approuver votre dossier de mentorat. Soumettez les exp\u00e9riences accumul\u00e9es au CNP pour approbation.<\/li>\n<li>R\u00e9ussir l\u2019examen professionnel (il s\u2019agit de l\u2019\u00e9tape finale, qui ne peut \u00eatre franchie qu\u2019une fois que\u00a0<em><strong>toutes<\/strong><\/em> les \u00e9tapes ci-dessus ont \u00e9t\u00e9 franchies). Des sessions ont lieu deux fois par an, en mars et en septembre.<\/li>\n<\/ol>\n<p>Veuillez noter que le mentorat, les processus de parrainage pour l\u2019accumulation d\u2019exp\u00e9rience et le cours en \u00e9thique et professionnalisme et examen associ\u00e9 peuvent \u00eatre effectu\u00e9s simultan\u00e9ment, ce qui peut raccourcir le d\u00e9lai de certification dans certains cas.<\/p>\n<img loading=\"lazy\" decoding=\"async\" class=\"alignleft wp-image-603 size-medium\" src=\"https:\/\/psb-planningcanada.ca\/wp-content\/uploads\/2019\/01\/Process_132929050_xl-2015-600x400.jpg\" sizes=\"auto, (max-width: 600px) 100vw, 600px\" srcset=\"https:\/\/psb-planningcanada.ca\/wp-content\/uploads\/2019\/01\/Process_132929050_xl-2015-600x400.jpg 600w, https:\/\/psb-planningcanada.ca\/wp-content\/uploads\/2019\/01\/Process_132929050_xl-2015.jpg 1200w\" alt=\"Certification on Laptop - Professional Planner\" width=\"600\" height=\"400\" \/>\n<p>Une fois que vous aurez franchi toutes les \u00e9tapes et satisfait \u00e0 toutes les exigences de la certification professionnelle, nous ferons un rapport sur cette \u00e9valuation et ferons une recommandation \u00e0 votre association ou institut provincial ou territorial.\u00a0 L\u2019association ou institut provincial ou territorial poursuivra ensuite le processus pour vous admettre officiellement comme membre \u00e0 part enti\u00e8re (certifi\u00e9) et comme urbaniste professionnel certifi\u00e9 (RPP) ou \u00e9quivalent.<\/p>\n<p>L\u2019ach\u00e8vement du processus de certification professionnelle et l\u2019admission \u00e0 titre de membre \u00e0 part enti\u00e8re est un jalon important et une r\u00e9alisation personnelle et professionnelle importante, et le CNP vous en f\u00e9licite.\u00a0 L\u2019ICU et votre association ou institut provincial ou territorial ont tous deux des programmes et des activit\u00e9s visant \u00e0 honorer les membres \u00e0 part enti\u00e8re nouvellement admis, comme la d\u00e9livrance de certificats officiels d\u2019adh\u00e9sion et la reconnaissance publique.<\/p>\n<h2>Note sp\u00e9ciale \u00e0 l\u2019intention des membres (provisoires) de l\u2019OPPI &#8211; qui ont commenc\u00e9 le processus de certification avant octobre 2012<\/h2>\n<p>En vigueur \u00e0 compter de janvier 2013, l\u2019OPPI a demand\u00e9 au CNP d\u2019administrer l\u2019examen professionnel pour ses membres candidats (provisoires) au lieu de l\u2019examen oral A. Par cons\u00e9quent, si vous \u00e9tiez membre provisoire de l\u2019OPPI avant janvier 2013 et que vous n\u2019aviez pas termin\u00e9 le processus menant \u00e0 une adh\u00e9sion compl\u00e8te (certifi\u00e9e), vous devrez passer l\u2019examen professionnel au lieu de passer l\u2019examen A. L\u2019OPPI ne proposera donc plus l\u2019examen A.<\/p>\n<h4><strong>Q.\u00a0 QUAND SUIS-JE ADMISSIBLE \u00c0 L\u2019EXAMEN PROFESSIONNEL?<\/strong><\/h4>\n<p>Vous devez avoir suivi le cours sur l\u2019adh\u00e9sion (s\u2019il y a lieu) et avoir satisfait \u00e0 toutes les autres exigences \u00e9tablies par l\u2019OPPI, avoir soumis \u00e0 l\u2019OPPI vos exp\u00e9riences de travail accumul\u00e9es sign\u00e9es par votre parrain, les faire approuver par leur examinateur et les faire certifier par le registraire de l\u2019OPPI pour \u00eatre admissible.\u00a0 Tout comme pour l\u2019examen A, l\u2019examen professionnel est votre derni\u00e8re \u00e9tape vers l\u2019adh\u00e9sion compl\u00e8te (certifi\u00e9e).\u00a0 L\u2019OPPI vous confirmera votre admissibilit\u00e9.<\/p>\n<h4><strong>Q.\u00a0 DOIS-JE SUIVRE UNE ANN\u00c9E DE MENTORAT ET LE COURS EN \u00c9THIQUE ET PROFESSIONNALISME ET EXAMEN ASSOCI\u00c9 POUR \u00caTRE ADMISSIBLE \u00c0 L\u2019EXAMEN \u00c9CRIT?<\/strong><\/h4>\n<p>Non, vous n\u2019avez pas besoin de faire ainsi.\u00a0 Les exigences en mati\u00e8re de mentorat et d\u2019\u00e9thique et professionnalisme ne s\u2019appliquent qu\u2019aux personnes qui se sont inscrites au processus du CNP \u00e0 titre de candidats.\u00a0 L\u2019admissibilit\u00e9 des membres candidats (provisoires) est fond\u00e9e uniquement sur les exigences de l\u2019OPPI.<\/p>\n<h4><strong>Q.\u00a0 DOIS-JE M\u2019INSCRIRE POUR PASSER L\u2019EXAMEN PROFESSIONNEL PAR L\u2019ENTREMISE DE L\u2019OPPI?<\/strong><\/h4>\n<p>Non, vous devez vous inscrire aupr\u00e8s du CNP et nous faire parvenir votre paiement avant la date limite pour l\u2019examen.\u00a0 Le d\u00e9lai est de dix (10) jours civils avant la date de l\u2019examen.\u00a0 L\u2019inscription tardive ou \u00e0 l\u2019entr\u00e9e n\u2019est pas permise.<\/p>\n<h4><strong>Q.<\/strong>\u00a0\u00a0<strong>JE VOIS QUE CEUX QUI PASSENT PAR LE PROCESSUS DU CNP PEUVENT PASSER L\u2019EXAMEN PROFESSIONNEL TROIS FOIS.\u00a0 EN TANT QUE MEMBRE CANDIDAT (PROVISOIRE), COMBIEN DE FOIS POURRAIS-JE TENTER MA CHANCE?<\/strong><\/h4>\n<p>Les r\u00e8gles de l\u2019OPPI s\u2019appliquent dans ce domaine.\u00a0Le 30 septembre 2014, l\u2019OPPI a modifi\u00e9 ces r\u00e8gles pour permettre trois (3) tentatives \u00e0 l\u2019examen, de sorte que les membres candidats (provisoires) ont les m\u00eames possibilit\u00e9s que les membres candidats inscrits au processus du CNP.<\/p>\n<h4><strong>Q.\u00a0 QUE SE PASSE-T-IL SI, APR\u00c8S TROIS TENTATIVES, JE N\u2019AI TOUJOURS PAS R\u00c9USSI?<\/strong><\/h4>\n<p>Vous avez la possibilit\u00e9 de participer au processus du CNP \u00e0 ce stade (voir d\u00e9tails ci-dessus).\u00a0 L\u2019OPPI n\u2019est pas en mesure de vous r\u00e9admettre comme membre candidat (provisoire).<\/p>\n<p><strong>Q.\u00a0 QUI M\u2019INFORMERA DES R\u00c9SULTATS DE MON EXAMEN?<\/strong><\/p>\n<p>Le CNP vous informera de vos r\u00e9sultats. L\u2019OPPI confirmera quand m\u00eame votre adh\u00e9sion \u00e0 part enti\u00e8re une fois que vous aurez r\u00e9ussi l\u2019examen professionnel.<\/p>\n","protected":false},"excerpt":{"rendered":"<p>Processus pour les candidats \u2013 Pour se d\u00e9buter Pour obtenir la certification en tant qu\u2019urbaniste professionnel, vous devrez suivre les \u00e9tapes suivantes\u00a0: Une fois que vous \u00eates employ\u00e9(e) en urbanisme, soumettez une demande d\u2019\u00e9valuation au Conseil des normes professionnelles (CNP) par la voie appropri\u00e9e, et recevez son approbation pour la&#8230; <a class=\"read-more\" href=\"https:\/\/psb-planningcanada.ca\/fr\/certification\/processus-de-certification\/processus-de-candidats\/\">Read More<span class=\"hidden\"> about \u00ab\u00a0Processus de candidats\u00a0\u00bb<\/span><\/a><\/p>\n","protected":false},"author":1,"featured_media":0,"parent":522,"menu_order":0,"comment_status":"closed","ping_status":"closed","template":"page-steps.php","meta":{"_acf_changed":false,"_mc_calendar":[],"footnotes":""},"class_list":["post-526","page","type-page","status-publish","hentry"],"acf":[],"yoast_head":"<!-- This site is optimized with the Yoast SEO plugin v27.3 - https:\/\/yoast.com\/product\/yoast-seo-wordpress\/ -->\n<title>Processus de candidats - Professional Standards Board<\/title>\n<meta name=\"description\" content=\"To achieve certification as a professional planner, you will need to complete the following steps: membership, mentorship, experience, ethics course &amp; exam.\" \/>\n<meta name=\"robots\" content=\"index, follow, max-snippet:-1, max-image-preview:large, max-video-preview:-1\" \/>\n<link rel=\"canonical\" href=\"https:\/\/psb-planningcanada.ca\/fr\/certification\/processus-de-certification\/processus-de-candidats\/\" \/>\n<meta property=\"og:locale\" content=\"fr_FR\" \/>\n<meta property=\"og:type\" content=\"article\" \/>\n<meta property=\"og:title\" content=\"Processus de candidats - Professional Standards Board\" \/>\n<meta property=\"og:description\" content=\"To achieve certification as a professional planner, you will need to complete the following steps: membership, mentorship, experience, ethics course &amp; exam.\" \/>\n<meta property=\"og:url\" content=\"https:\/\/psb-planningcanada.ca\/fr\/certification\/processus-de-certification\/processus-de-candidats\/\" \/>\n<meta property=\"og:site_name\" content=\"Professional Standards Board\" \/>\n<meta property=\"article:modified_time\" content=\"2019-06-10T15:21:22+00:00\" \/>\n<meta property=\"og:image\" content=\"https:\/\/psb-planningcanada.ca\/wp-content\/uploads\/2019\/01\/Process_132929050_xl-2015-600x400.jpg\" \/>\n<meta name=\"twitter:card\" content=\"summary_large_image\" \/>\n<meta name=\"twitter:label1\" content=\"Dur\u00e9e de lecture estim\u00e9e\" \/>\n\t<meta name=\"twitter:data1\" content=\"5 minutes\" \/>\n<script type=\"application\/ld+json\" class=\"yoast-schema-graph\">{\"@context\":\"https:\\\/\\\/schema.org\",\"@graph\":[{\"@type\":\"WebPage\",\"@id\":\"https:\\\/\\\/psb-planningcanada.ca\\\/fr\\\/certification\\\/processus-de-certification\\\/processus-de-candidats\\\/\",\"url\":\"https:\\\/\\\/psb-planningcanada.ca\\\/fr\\\/certification\\\/processus-de-certification\\\/processus-de-candidats\\\/\",\"name\":\"Processus de candidats - Professional Standards Board\",\"isPartOf\":{\"@id\":\"https:\\\/\\\/psb-planningcanada.ca\\\/#website\"},\"primaryImageOfPage\":{\"@id\":\"https:\\\/\\\/psb-planningcanada.ca\\\/fr\\\/certification\\\/processus-de-certification\\\/processus-de-candidats\\\/#primaryimage\"},\"image\":{\"@id\":\"https:\\\/\\\/psb-planningcanada.ca\\\/fr\\\/certification\\\/processus-de-certification\\\/processus-de-candidats\\\/#primaryimage\"},\"thumbnailUrl\":\"https:\\\/\\\/psb-planningcanada.ca\\\/wp-content\\\/uploads\\\/2019\\\/01\\\/Process_132929050_xl-2015-600x400.jpg\",\"datePublished\":\"2019-01-11T18:21:03+00:00\",\"dateModified\":\"2019-06-10T15:21:22+00:00\",\"description\":\"To achieve certification as a professional planner, you will need to complete the following steps: membership, mentorship, experience, ethics course & exam.\",\"breadcrumb\":{\"@id\":\"https:\\\/\\\/psb-planningcanada.ca\\\/fr\\\/certification\\\/processus-de-certification\\\/processus-de-candidats\\\/#breadcrumb\"},\"inLanguage\":\"fr-FR\",\"potentialAction\":[{\"@type\":\"ReadAction\",\"target\":[\"https:\\\/\\\/psb-planningcanada.ca\\\/fr\\\/certification\\\/processus-de-certification\\\/processus-de-candidats\\\/\"]}]},{\"@type\":\"ImageObject\",\"inLanguage\":\"fr-FR\",\"@id\":\"https:\\\/\\\/psb-planningcanada.ca\\\/fr\\\/certification\\\/processus-de-certification\\\/processus-de-candidats\\\/#primaryimage\",\"url\":\"https:\\\/\\\/psb-planningcanada.ca\\\/wp-content\\\/uploads\\\/2019\\\/01\\\/Process_132929050_xl-2015-600x400.jpg\",\"contentUrl\":\"https:\\\/\\\/psb-planningcanada.ca\\\/wp-content\\\/uploads\\\/2019\\\/01\\\/Process_132929050_xl-2015-600x400.jpg\"},{\"@type\":\"BreadcrumbList\",\"@id\":\"https:\\\/\\\/psb-planningcanada.ca\\\/fr\\\/certification\\\/processus-de-certification\\\/processus-de-candidats\\\/#breadcrumb\",\"itemListElement\":[{\"@type\":\"ListItem\",\"position\":1,\"name\":\"Accueil\",\"item\":\"https:\\\/\\\/psb-planningcanada.ca\\\/fr\\\/\"},{\"@type\":\"ListItem\",\"position\":2,\"name\":\"Certification\",\"item\":\"https:\\\/\\\/psb-planningcanada.ca\\\/fr\\\/certification\\\/\"},{\"@type\":\"ListItem\",\"position\":3,\"name\":\"Processus de certification\",\"item\":\"https:\\\/\\\/psb-planningcanada.ca\\\/fr\\\/certification\\\/processus-de-certification\\\/\"},{\"@type\":\"ListItem\",\"position\":4,\"name\":\"Processus de candidats\"}]},{\"@type\":\"WebSite\",\"@id\":\"https:\\\/\\\/psb-planningcanada.ca\\\/#website\",\"url\":\"https:\\\/\\\/psb-planningcanada.ca\\\/\",\"name\":\"Professional Standards Board\",\"description\":\"For the Planning Profession in Canada\",\"potentialAction\":[{\"@type\":\"SearchAction\",\"target\":{\"@type\":\"EntryPoint\",\"urlTemplate\":\"https:\\\/\\\/psb-planningcanada.ca\\\/?s={search_term_string}\"},\"query-input\":{\"@type\":\"PropertyValueSpecification\",\"valueRequired\":true,\"valueName\":\"search_term_string\"}}],\"inLanguage\":\"fr-FR\"}]}<\/script>\n<!-- \/ Yoast SEO plugin. -->","yoast_head_json":{"title":"Processus de candidats - Professional Standards Board","description":"To achieve certification as a professional planner, you will need to complete the following steps: membership, mentorship, experience, ethics course & exam.","robots":{"index":"index","follow":"follow","max-snippet":"max-snippet:-1","max-image-preview":"max-image-preview:large","max-video-preview":"max-video-preview:-1"},"canonical":"https:\/\/psb-planningcanada.ca\/fr\/certification\/processus-de-certification\/processus-de-candidats\/","og_locale":"fr_FR","og_type":"article","og_title":"Processus de candidats - Professional Standards Board","og_description":"To achieve certification as a professional planner, you will need to complete the following steps: membership, mentorship, experience, ethics course & exam.","og_url":"https:\/\/psb-planningcanada.ca\/fr\/certification\/processus-de-certification\/processus-de-candidats\/","og_site_name":"Professional Standards Board","article_modified_time":"2019-06-10T15:21:22+00:00","og_image":[{"url":"https:\/\/psb-planningcanada.ca\/wp-content\/uploads\/2019\/01\/Process_132929050_xl-2015-600x400.jpg","type":"","width":"","height":""}],"twitter_card":"summary_large_image","twitter_misc":{"Dur\u00e9e de lecture estim\u00e9e":"5 minutes"},"schema":{"@context":"https:\/\/schema.org","@graph":[{"@type":"WebPage","@id":"https:\/\/psb-planningcanada.ca\/fr\/certification\/processus-de-certification\/processus-de-candidats\/","url":"https:\/\/psb-planningcanada.ca\/fr\/certification\/processus-de-certification\/processus-de-candidats\/","name":"Processus de candidats - Professional Standards Board","isPartOf":{"@id":"https:\/\/psb-planningcanada.ca\/#website"},"primaryImageOfPage":{"@id":"https:\/\/psb-planningcanada.ca\/fr\/certification\/processus-de-certification\/processus-de-candidats\/#primaryimage"},"image":{"@id":"https:\/\/psb-planningcanada.ca\/fr\/certification\/processus-de-certification\/processus-de-candidats\/#primaryimage"},"thumbnailUrl":"https:\/\/psb-planningcanada.ca\/wp-content\/uploads\/2019\/01\/Process_132929050_xl-2015-600x400.jpg","datePublished":"2019-01-11T18:21:03+00:00","dateModified":"2019-06-10T15:21:22+00:00","description":"To achieve certification as a professional planner, you will need to complete the following steps: membership, mentorship, experience, ethics course & exam.","breadcrumb":{"@id":"https:\/\/psb-planningcanada.ca\/fr\/certification\/processus-de-certification\/processus-de-candidats\/#breadcrumb"},"inLanguage":"fr-FR","potentialAction":[{"@type":"ReadAction","target":["https:\/\/psb-planningcanada.ca\/fr\/certification\/processus-de-certification\/processus-de-candidats\/"]}]},{"@type":"ImageObject","inLanguage":"fr-FR","@id":"https:\/\/psb-planningcanada.ca\/fr\/certification\/processus-de-certification\/processus-de-candidats\/#primaryimage","url":"https:\/\/psb-planningcanada.ca\/wp-content\/uploads\/2019\/01\/Process_132929050_xl-2015-600x400.jpg","contentUrl":"https:\/\/psb-planningcanada.ca\/wp-content\/uploads\/2019\/01\/Process_132929050_xl-2015-600x400.jpg"},{"@type":"BreadcrumbList","@id":"https:\/\/psb-planningcanada.ca\/fr\/certification\/processus-de-certification\/processus-de-candidats\/#breadcrumb","itemListElement":[{"@type":"ListItem","position":1,"name":"Accueil","item":"https:\/\/psb-planningcanada.ca\/fr\/"},{"@type":"ListItem","position":2,"name":"Certification","item":"https:\/\/psb-planningcanada.ca\/fr\/certification\/"},{"@type":"ListItem","position":3,"name":"Processus de certification","item":"https:\/\/psb-planningcanada.ca\/fr\/certification\/processus-de-certification\/"},{"@type":"ListItem","position":4,"name":"Processus de candidats"}]},{"@type":"WebSite","@id":"https:\/\/psb-planningcanada.ca\/#website","url":"https:\/\/psb-planningcanada.ca\/","name":"Professional Standards Board","description":"For the Planning Profession in Canada","potentialAction":[{"@type":"SearchAction","target":{"@type":"EntryPoint","urlTemplate":"https:\/\/psb-planningcanada.ca\/?s={search_term_string}"},"query-input":{"@type":"PropertyValueSpecification","valueRequired":true,"valueName":"search_term_string"}}],"inLanguage":"fr-FR"}]}},"_links":{"self":[{"href":"https:\/\/psb-planningcanada.ca\/fr\/wp-json\/wp\/v2\/pages\/526","targetHints":{"allow":["GET"]}}],"collection":[{"href":"https:\/\/psb-planningcanada.ca\/fr\/wp-json\/wp\/v2\/pages"}],"about":[{"href":"https:\/\/psb-planningcanada.ca\/fr\/wp-json\/wp\/v2\/types\/page"}],"author":[{"embeddable":true,"href":"https:\/\/psb-planningcanada.ca\/fr\/wp-json\/wp\/v2\/users\/1"}],"replies":[{"embeddable":true,"href":"https:\/\/psb-planningcanada.ca\/fr\/wp-json\/wp\/v2\/comments?post=526"}],"version-history":[{"count":10,"href":"https:\/\/psb-planningcanada.ca\/fr\/wp-json\/wp\/v2\/pages\/526\/revisions"}],"predecessor-version":[{"id":947,"href":"https:\/\/psb-planningcanada.ca\/fr\/wp-json\/wp\/v2\/pages\/526\/revisions\/947"}],"up":[{"embeddable":true,"href":"https:\/\/psb-planningcanada.ca\/fr\/wp-json\/wp\/v2\/pages\/522"}],"wp:attachment":[{"href":"https:\/\/psb-planningcanada.ca\/fr\/wp-json\/wp\/v2\/media?parent=526"}],"curies":[{"name":"wp","href":"https:\/\/api.w.org\/{rel}","templated":true}]}}