{"id":520,"date":"2019-01-11T13:17:34","date_gmt":"2019-01-11T18:17:34","guid":{"rendered":"https:\/\/psb-planningcanada.ca\/?page_id=520"},"modified":"2022-06-22T15:07:20","modified_gmt":"2022-06-22T19:07:20","slug":"portail-pour-candidats","status":"publish","type":"page","link":"https:\/\/psb-planningcanada.ca\/fr\/certification\/portail-pour-candidats\/","title":{"rendered":"Portail pour candidats"},"content":{"rendered":"<h2>C\u2019est ici que commence le chemin qui m\u00e8ne \u00e0 votre RPP!<\/h2>\n<p><img loading=\"lazy\" decoding=\"async\" class=\"alignright size-medium wp-image-600\" src=\"https:\/\/psb-planningcanada.ca\/wp-content\/uploads\/2019\/01\/Candidate-Portal_115234070_xl-2015-600x400.jpg\" sizes=\"auto, (max-width: 600px) 100vw, 600px\" srcset=\"https:\/\/psb-planningcanada.ca\/wp-content\/uploads\/2019\/01\/Candidate-Portal_115234070_xl-2015-600x400.jpg 600w, https:\/\/psb-planningcanada.ca\/wp-content\/uploads\/2019\/01\/Candidate-Portal_115234070_xl-2015.jpg 1200w\" alt=\"coworker discussing blueprint \" width=\"600\" height=\"400\" \/>Votre carri\u00e8re en urbanisme est un peu comme un plan d\u2019\u00e9pargne &#8211; vous pouvez faire un investissement \u00ab\u00a0ponctuel\u00a0\u00bb lorsque vous d\u00e9marrez et que vous le voyez cro\u00eetre, ou vous pouvez faire des investissements r\u00e9guliers et le voir r\u00e9ellement cro\u00eetre. L\u2019\u00e9tape suivante &#8211; devenir membre \u00e0 part enti\u00e8re (certifi\u00e9) (RPP\/LPP, MCIP) de votre association ou institut provincial ou territorial au Canada &#8211; est un investissement suppl\u00e9mentaire qui tire encore davantage parti de votre dipl\u00f4me. Dans cette section de notre site web, nous vous expliquons plus en d\u00e9tail comment cela fonctionne et comment vous pouvez en b\u00e9n\u00e9ficier.<\/p>\n\n\n<div class=\"wp-block-buttons is-layout-flex wp-block-buttons-is-layout-flex\">\n<div class=\"wp-block-button alignleft\"><a class=\"wp-block-button__link\" href=\"https:\/\/certification.psb-planningcanada.ca\/\">VISITEZ LE PORTAIL POUR CANDIDATS<\/a><\/div>\n<\/div>\n","protected":false},"excerpt":{"rendered":"<p>C\u2019est ici que commence le chemin qui m\u00e8ne \u00e0 votre RPP! Votre carri\u00e8re en urbanisme est un peu comme un plan d\u2019\u00e9pargne &#8211; vous pouvez faire un investissement \u00ab\u00a0ponctuel\u00a0\u00bb lorsque vous d\u00e9marrez et que vous le voyez cro\u00eetre, ou vous pouvez faire des investissements r\u00e9guliers et le voir r\u00e9ellement cro\u00eetre&#8230;. <a class=\"read-more\" href=\"https:\/\/psb-planningcanada.ca\/fr\/certification\/portail-pour-candidats\/\">Read More<span class=\"hidden\"> about \u00ab\u00a0Portail pour candidats\u00a0\u00bb<\/span><\/a><\/p>\n","protected":false},"author":1,"featured_media":0,"parent":510,"menu_order":10,"comment_status":"closed","ping_status":"closed","template":"","meta":{"_acf_changed":false,"_mc_calendar":[],"footnotes":""},"class_list":["post-520","page","type-page","status-publish","hentry"],"acf":[],"yoast_head":"<!-- This site is optimized with the Yoast SEO plugin v27.3 - https:\/\/yoast.com\/product\/yoast-seo-wordpress\/ -->\n<title>Portail pour candidats - Professional Standards Board<\/title>\n<meta name=\"robots\" content=\"index, follow, max-snippet:-1, max-image-preview:large, max-video-preview:-1\" \/>\n<link rel=\"canonical\" href=\"https:\/\/psb-planningcanada.ca\/fr\/certification\/portail-pour-candidats\/\" \/>\n<meta property=\"og:locale\" content=\"fr_FR\" \/>\n<meta property=\"og:type\" content=\"article\" \/>\n<meta property=\"og:title\" content=\"Portail pour candidats - Professional Standards Board\" \/>\n<meta property=\"og:description\" content=\"C\u2019est ici que commence le chemin qui m\u00e8ne \u00e0 votre RPP! Votre carri\u00e8re en urbanisme est un peu comme un plan d\u2019\u00e9pargne &#8211; vous pouvez faire un investissement \u00ab\u00a0ponctuel\u00a0\u00bb lorsque vous d\u00e9marrez et que vous le voyez cro\u00eetre, ou vous pouvez faire des investissements r\u00e9guliers et le voir r\u00e9ellement cro\u00eetre.... Read More about &quot;Portail pour candidats&quot;\" \/>\n<meta property=\"og:url\" content=\"https:\/\/psb-planningcanada.ca\/fr\/certification\/portail-pour-candidats\/\" \/>\n<meta property=\"og:site_name\" content=\"Professional Standards Board\" \/>\n<meta property=\"article:modified_time\" content=\"2022-06-22T19:07:20+00:00\" \/>\n<meta property=\"og:image\" content=\"https:\/\/psb-planningcanada.ca\/wp-content\/uploads\/2019\/01\/Candidate-Portal_115234070_xl-2015-600x400.jpg\" \/>\n<meta name=\"twitter:card\" content=\"summary_large_image\" \/>\n<meta name=\"twitter:label1\" content=\"Dur\u00e9e de lecture estim\u00e9e\" \/>\n\t<meta name=\"twitter:data1\" content=\"1 minute\" \/>\n<script type=\"application\/ld+json\" class=\"yoast-schema-graph\">{\"@context\":\"https:\\\/\\\/schema.org\",\"@graph\":[{\"@type\":\"WebPage\",\"@id\":\"https:\\\/\\\/psb-planningcanada.ca\\\/fr\\\/certification\\\/portail-pour-candidats\\\/\",\"url\":\"https:\\\/\\\/psb-planningcanada.ca\\\/fr\\\/certification\\\/portail-pour-candidats\\\/\",\"name\":\"Portail pour candidats - Professional Standards Board\",\"isPartOf\":{\"@id\":\"https:\\\/\\\/psb-planningcanada.ca\\\/#website\"},\"primaryImageOfPage\":{\"@id\":\"https:\\\/\\\/psb-planningcanada.ca\\\/fr\\\/certification\\\/portail-pour-candidats\\\/#primaryimage\"},\"image\":{\"@id\":\"https:\\\/\\\/psb-planningcanada.ca\\\/fr\\\/certification\\\/portail-pour-candidats\\\/#primaryimage\"},\"thumbnailUrl\":\"https:\\\/\\\/psb-planningcanada.ca\\\/wp-content\\\/uploads\\\/2019\\\/01\\\/Candidate-Portal_115234070_xl-2015-600x400.jpg\",\"datePublished\":\"2019-01-11T18:17:34+00:00\",\"dateModified\":\"2022-06-22T19:07:20+00:00\",\"breadcrumb\":{\"@id\":\"https:\\\/\\\/psb-planningcanada.ca\\\/fr\\\/certification\\\/portail-pour-candidats\\\/#breadcrumb\"},\"inLanguage\":\"fr-FR\",\"potentialAction\":[{\"@type\":\"ReadAction\",\"target\":[\"https:\\\/\\\/psb-planningcanada.ca\\\/fr\\\/certification\\\/portail-pour-candidats\\\/\"]}]},{\"@type\":\"ImageObject\",\"inLanguage\":\"fr-FR\",\"@id\":\"https:\\\/\\\/psb-planningcanada.ca\\\/fr\\\/certification\\\/portail-pour-candidats\\\/#primaryimage\",\"url\":\"https:\\\/\\\/psb-planningcanada.ca\\\/wp-content\\\/uploads\\\/2019\\\/01\\\/Candidate-Portal_115234070_xl-2015-600x400.jpg\",\"contentUrl\":\"https:\\\/\\\/psb-planningcanada.ca\\\/wp-content\\\/uploads\\\/2019\\\/01\\\/Candidate-Portal_115234070_xl-2015-600x400.jpg\"},{\"@type\":\"BreadcrumbList\",\"@id\":\"https:\\\/\\\/psb-planningcanada.ca\\\/fr\\\/certification\\\/portail-pour-candidats\\\/#breadcrumb\",\"itemListElement\":[{\"@type\":\"ListItem\",\"position\":1,\"name\":\"Accueil\",\"item\":\"https:\\\/\\\/psb-planningcanada.ca\\\/fr\\\/\"},{\"@type\":\"ListItem\",\"position\":2,\"name\":\"Certification\",\"item\":\"https:\\\/\\\/psb-planningcanada.ca\\\/fr\\\/certification\\\/\"},{\"@type\":\"ListItem\",\"position\":3,\"name\":\"Portail pour candidats\"}]},{\"@type\":\"WebSite\",\"@id\":\"https:\\\/\\\/psb-planningcanada.ca\\\/#website\",\"url\":\"https:\\\/\\\/psb-planningcanada.ca\\\/\",\"name\":\"Professional Standards Board\",\"description\":\"For the Planning Profession in Canada\",\"potentialAction\":[{\"@type\":\"SearchAction\",\"target\":{\"@type\":\"EntryPoint\",\"urlTemplate\":\"https:\\\/\\\/psb-planningcanada.ca\\\/?s={search_term_string}\"},\"query-input\":{\"@type\":\"PropertyValueSpecification\",\"valueRequired\":true,\"valueName\":\"search_term_string\"}}],\"inLanguage\":\"fr-FR\"}]}<\/script>\n<!-- \/ Yoast SEO plugin. -->","yoast_head_json":{"title":"Portail pour candidats - Professional Standards Board","robots":{"index":"index","follow":"follow","max-snippet":"max-snippet:-1","max-image-preview":"max-image-preview:large","max-video-preview":"max-video-preview:-1"},"canonical":"https:\/\/psb-planningcanada.ca\/fr\/certification\/portail-pour-candidats\/","og_locale":"fr_FR","og_type":"article","og_title":"Portail pour candidats - Professional Standards Board","og_description":"C\u2019est ici que commence le chemin qui m\u00e8ne \u00e0 votre RPP! Votre carri\u00e8re en urbanisme est un peu comme un plan d\u2019\u00e9pargne &#8211; vous pouvez faire un investissement \u00ab\u00a0ponctuel\u00a0\u00bb lorsque vous d\u00e9marrez et que vous le voyez cro\u00eetre, ou vous pouvez faire des investissements r\u00e9guliers et le voir r\u00e9ellement cro\u00eetre.... Read More about \"Portail pour candidats\"","og_url":"https:\/\/psb-planningcanada.ca\/fr\/certification\/portail-pour-candidats\/","og_site_name":"Professional Standards Board","article_modified_time":"2022-06-22T19:07:20+00:00","og_image":[{"url":"https:\/\/psb-planningcanada.ca\/wp-content\/uploads\/2019\/01\/Candidate-Portal_115234070_xl-2015-600x400.jpg","type":"","width":"","height":""}],"twitter_card":"summary_large_image","twitter_misc":{"Dur\u00e9e de lecture estim\u00e9e":"1 minute"},"schema":{"@context":"https:\/\/schema.org","@graph":[{"@type":"WebPage","@id":"https:\/\/psb-planningcanada.ca\/fr\/certification\/portail-pour-candidats\/","url":"https:\/\/psb-planningcanada.ca\/fr\/certification\/portail-pour-candidats\/","name":"Portail pour candidats - Professional Standards Board","isPartOf":{"@id":"https:\/\/psb-planningcanada.ca\/#website"},"primaryImageOfPage":{"@id":"https:\/\/psb-planningcanada.ca\/fr\/certification\/portail-pour-candidats\/#primaryimage"},"image":{"@id":"https:\/\/psb-planningcanada.ca\/fr\/certification\/portail-pour-candidats\/#primaryimage"},"thumbnailUrl":"https:\/\/psb-planningcanada.ca\/wp-content\/uploads\/2019\/01\/Candidate-Portal_115234070_xl-2015-600x400.jpg","datePublished":"2019-01-11T18:17:34+00:00","dateModified":"2022-06-22T19:07:20+00:00","breadcrumb":{"@id":"https:\/\/psb-planningcanada.ca\/fr\/certification\/portail-pour-candidats\/#breadcrumb"},"inLanguage":"fr-FR","potentialAction":[{"@type":"ReadAction","target":["https:\/\/psb-planningcanada.ca\/fr\/certification\/portail-pour-candidats\/"]}]},{"@type":"ImageObject","inLanguage":"fr-FR","@id":"https:\/\/psb-planningcanada.ca\/fr\/certification\/portail-pour-candidats\/#primaryimage","url":"https:\/\/psb-planningcanada.ca\/wp-content\/uploads\/2019\/01\/Candidate-Portal_115234070_xl-2015-600x400.jpg","contentUrl":"https:\/\/psb-planningcanada.ca\/wp-content\/uploads\/2019\/01\/Candidate-Portal_115234070_xl-2015-600x400.jpg"},{"@type":"BreadcrumbList","@id":"https:\/\/psb-planningcanada.ca\/fr\/certification\/portail-pour-candidats\/#breadcrumb","itemListElement":[{"@type":"ListItem","position":1,"name":"Accueil","item":"https:\/\/psb-planningcanada.ca\/fr\/"},{"@type":"ListItem","position":2,"name":"Certification","item":"https:\/\/psb-planningcanada.ca\/fr\/certification\/"},{"@type":"ListItem","position":3,"name":"Portail pour candidats"}]},{"@type":"WebSite","@id":"https:\/\/psb-planningcanada.ca\/#website","url":"https:\/\/psb-planningcanada.ca\/","name":"Professional Standards Board","description":"For the Planning Profession in Canada","potentialAction":[{"@type":"SearchAction","target":{"@type":"EntryPoint","urlTemplate":"https:\/\/psb-planningcanada.ca\/?s={search_term_string}"},"query-input":{"@type":"PropertyValueSpecification","valueRequired":true,"valueName":"search_term_string"}}],"inLanguage":"fr-FR"}]}},"_links":{"self":[{"href":"https:\/\/psb-planningcanada.ca\/fr\/wp-json\/wp\/v2\/pages\/520","targetHints":{"allow":["GET"]}}],"collection":[{"href":"https:\/\/psb-planningcanada.ca\/fr\/wp-json\/wp\/v2\/pages"}],"about":[{"href":"https:\/\/psb-planningcanada.ca\/fr\/wp-json\/wp\/v2\/types\/page"}],"author":[{"embeddable":true,"href":"https:\/\/psb-planningcanada.ca\/fr\/wp-json\/wp\/v2\/users\/1"}],"replies":[{"embeddable":true,"href":"https:\/\/psb-planningcanada.ca\/fr\/wp-json\/wp\/v2\/comments?post=520"}],"version-history":[{"count":5,"href":"https:\/\/psb-planningcanada.ca\/fr\/wp-json\/wp\/v2\/pages\/520\/revisions"}],"predecessor-version":[{"id":3019,"href":"https:\/\/psb-planningcanada.ca\/fr\/wp-json\/wp\/v2\/pages\/520\/revisions\/3019"}],"up":[{"embeddable":true,"href":"https:\/\/psb-planningcanada.ca\/fr\/wp-json\/wp\/v2\/pages\/510"}],"wp:attachment":[{"href":"https:\/\/psb-planningcanada.ca\/fr\/wp-json\/wp\/v2\/media?parent=520"}],"curies":[{"name":"wp","href":"https:\/\/api.w.org\/{rel}","templated":true}]}}