{"id":518,"date":"2019-01-11T13:17:01","date_gmt":"2019-01-11T18:17:01","guid":{"rendered":"https:\/\/psb-planningcanada.ca\/?page_id=518"},"modified":"2022-06-22T15:05:02","modified_gmt":"2022-06-22T19:05:02","slug":"evaluation-reciproque","status":"publish","type":"page","link":"https:\/\/psb-planningcanada.ca\/fr\/certification\/processus-devaluation\/evaluation-reciproque\/","title":{"rendered":"\u00c9valuation r\u00e9ciproque"},"content":{"rendered":"<h2>Processus d\u2019adh\u00e9sion professionnelle r\u00e9ciproque<\/h2>\n<p>Cette voie sp\u00e9cifique est disponible pour certains urbanistes qui sont membres d\u2019une association professionnelle et qui sont d\u00e9j\u00e0 certifi\u00e9s professionnellement par un organisme d\u2019urbanisme professionnel \u00e9tranger. Bien que cette voie ne permette pas le transfert de l\u2019adh\u00e9sion aupr\u00e8s de ces organismes, elle permet \u00e0 ces personnes qualifi\u00e9es d\u2019obtenir leur accr\u00e9ditation au Canada.<\/p>\n<p>Les conditions d\u2019adh\u00e9sion sp\u00e9cifiques pour l\u2019admission \u00e0 titre de membre candidat dans le cadre de ce processus exigent d\u2019un urbaniste individuel les points suivants\u00a0:<\/p>\n<ul>\n<li><img loading=\"lazy\" decoding=\"async\" class=\"alignright wp-image-597\" src=\"https:\/\/psb-planningcanada.ca\/wp-content\/uploads\/2019\/01\/Recipricol_53801155_xl-2015-600x400.jpg\" sizes=\"auto, (max-width: 447px) 100vw, 447px\" srcset=\"https:\/\/psb-planningcanada.ca\/wp-content\/uploads\/2019\/01\/Recipricol_53801155_xl-2015-600x400.jpg 600w, https:\/\/psb-planningcanada.ca\/wp-content\/uploads\/2019\/01\/Recipricol_53801155_xl-2015.jpg 1200w\" alt=\"Shaking Hands\" width=\"447\" height=\"298\" \/>Avoir un emploi dans le domaine de I&rsquo; urbanisme (pour de plus amples renseignements sur ce qui constitue un emploi en urbanisme, veuillez consulter notre\u00a0<a href=\"https:\/\/psb-planningcanada.ca\/fr\/faqs\/\"><strong>FAQ<\/strong><\/a>), et<\/li>\n<li>\u00catre membre \u00e0 part enti\u00e8re d\u2019un organisme d\u2019urbanisme professionnel \u00e9tranger avec lequel la profession au Canada a conclu une entente de r\u00e9ciprocit\u00e9 officielle d\u2019adh\u00e9sion (ou l\u2019\u00e9quivalent)*<\/li>\n<\/ul>\n<p>*La profession d\u2019urbaniste a actuellement des ententes d\u2019adh\u00e9sion r\u00e9ciproque officielles avec l\u2019American Institute of Certified Planners (AICP) aux \u00c9tats-Unis et le&rsquo;Planning Institute of Australia (PIA) en Australie.<\/p>\n<p>Les urbanistes qui sont membres ou certifi\u00e9s aupr\u00e8s d\u2019un organisme d\u2019urbanisme professionnel \u00e9tranger avec lequel la profession au Canada n\u2019a pas conclu d\u2019entente d\u2019adh\u00e9sion r\u00e9ciproque officielle devraient demander leur admission selon le processus d\u2019\u00e9valuation et de reconnaissance des acquis (\u00c9RA) d\u00e9crit pr\u00e9c\u00e9demment.<\/p>\n<p><em>\u00c0 noter: Nous acceptons les copies \u00e9lectroniques de votre relev\u00e9 de transcription officiel. Veuillez noter que pour assurer la validation, il doit \u00eatre envoy\u00e9 directement de votre universit\u00e9 ou de son tiers \u00e0 <a href=\"mailto:certification@psb-planningcanada.ca\">certification@psb-planningcanada.ca<\/a>.<\/em><\/p>\n<h2>Il y a trois \u00e9l\u00e9ments de co\u00fbt \u00e0 consid\u00e9rer (\u00e0 l\u2019exclusion de votre investissement dans votre dipl\u00f4me)\u00a0:<\/h2>\n<ul>\n<li>Cotisations du CNP<\/li>\n<li>Les cotisations d\u2019adh\u00e9sion \u00e9valu\u00e9es par votre association ou institut provincial ou territorial<\/li>\n<li>Les frais accessoires que vous pourriez encourir (p. ex. repas\/caf\u00e9 avec votre mentor, tout s\u00e9minaire ou atelier auquel vous pourriez assister dans le cadre de votre mentorat, etc.)<\/li>\n<\/ul>\n<table style=\"height: 120px; width: 77%;\" width=\"77%\">\n<thead>\n<tr style=\"height: 24px;\">\n<th style=\"text-align: left; height: 24px;\" scope=\"col\" width=\"340\"><strong>\u00a0Item<\/strong><\/th>\n<th style=\"text-align: left; height: 24px;\" scope=\"col\" width=\"148\">R\u00e9ciproque<\/th>\n<\/tr>\n<\/thead>\n<tbody>\n<tr style=\"height: 24px;\">\n<th style=\"text-align: left; height: 24px;\" scope=\"row\" width=\"340\">Frais d\u2019\u00e9valuation\u00a0 du CNP\u00a0(non remboursable)<\/th>\n<td style=\"height: 24px;\" width=\"148\">375,00 $<\/td>\n<\/tr>\n<tr style=\"height: 24px;\">\n<th style=\"text-align: left; height: 24px;\" scope=\"row\" width=\"340\">Cours en \u00e9thique et professionnalisme et test<\/th>\n<td style=\"height: 24px;\" width=\"148\">450,00 $<\/td>\n<\/tr>\n<tr style=\"height: 24px;\">\n<th style=\"text-align: left; height: 24px;\" scope=\"row\" width=\"340\">Examen professionnel<\/th>\n<td style=\"height: 24px;\" width=\"148\">500,00 $<\/td>\n<\/tr>\n<tr style=\"height: 24px;\">\n<th style=\"text-align: left; height: 24px;\" scope=\"row\" width=\"340\"><strong>\u00a0Totale<\/strong><\/th>\n<td style=\"height: 24px;\" width=\"148\">1 325,00 $<\/td>\n<\/tr>\n<\/tbody>\n<\/table>\n<p>Nos cotisations sont assujetties \u00e0 la TPS\/TVH, ce qui n\u2019est pas indiqu\u00e9 dans le tableau ci-dessus.<\/p>\n<p>Veuillez consulter notre\u00a0<a href=\"https:\/\/psb-planningcanada.ca\/fr\/faqs\/\">FAQ<\/a>\u00a0pour plus de d\u00e9tails ou communiquer avec nous \u00e0\u00a0<a href=\"mailto:certification@psb-planningcanada.ca\">certification@psb-planningcanada.ca<\/a> pour de plus amples renseignements.<\/p>\n\n\n<div class=\"wp-block-buttons is-layout-flex wp-block-buttons-is-layout-flex\">\n<div class=\"wp-block-button\"><a class=\"wp-block-button__link\" href=\"https:\/\/psb-planningcanada.ca\/certification-process\/candidate-portal\/\">PR\u00c9SENTEZ UNE DEMANDE D\u00c8S MAINTENANT<\/a><\/div>\n<\/div>\n","protected":false},"excerpt":{"rendered":"<p>Processus d\u2019adh\u00e9sion professionnelle r\u00e9ciproque Cette voie sp\u00e9cifique est disponible pour certains urbanistes qui sont membres d\u2019une association professionnelle et qui sont d\u00e9j\u00e0 certifi\u00e9s professionnellement par un organisme d\u2019urbanisme professionnel \u00e9tranger. Bien que cette voie ne permette pas le transfert de l\u2019adh\u00e9sion aupr\u00e8s de ces organismes, elle permet \u00e0 ces personnes&#8230; <a class=\"read-more\" href=\"https:\/\/psb-planningcanada.ca\/fr\/certification\/processus-devaluation\/evaluation-reciproque\/\">Read More<span class=\"hidden\"> about \u00ab\u00a0\u00c9valuation r\u00e9ciproque\u00a0\u00bb<\/span><\/a><\/p>\n","protected":false},"author":1,"featured_media":0,"parent":512,"menu_order":30,"comment_status":"closed","ping_status":"closed","template":"","meta":{"_acf_changed":false,"_mc_calendar":[],"footnotes":""},"class_list":["post-518","page","type-page","status-publish","hentry"],"acf":[],"yoast_head":"<!-- This site is optimized with the Yoast SEO plugin v27.3 - https:\/\/yoast.com\/product\/yoast-seo-wordpress\/ -->\n<title>\u00c9valuation r\u00e9ciproque - Professional Standards Board<\/title>\n<meta name=\"robots\" content=\"index, follow, max-snippet:-1, max-image-preview:large, max-video-preview:-1\" \/>\n<link rel=\"canonical\" href=\"https:\/\/psb-planningcanada.ca\/fr\/certification\/processus-devaluation\/evaluation-reciproque\/\" \/>\n<meta property=\"og:locale\" content=\"fr_FR\" \/>\n<meta property=\"og:type\" content=\"article\" \/>\n<meta property=\"og:title\" content=\"\u00c9valuation r\u00e9ciproque - Professional Standards Board\" \/>\n<meta property=\"og:description\" content=\"Processus d\u2019adh\u00e9sion professionnelle r\u00e9ciproque Cette voie sp\u00e9cifique est disponible pour certains urbanistes qui sont membres d\u2019une association professionnelle et qui sont d\u00e9j\u00e0 certifi\u00e9s professionnellement par un organisme d\u2019urbanisme professionnel \u00e9tranger. Bien que cette voie ne permette pas le transfert de l\u2019adh\u00e9sion aupr\u00e8s de ces organismes, elle permet \u00e0 ces personnes... Read More about &quot;\u00c9valuation r\u00e9ciproque&quot;\" \/>\n<meta property=\"og:url\" content=\"https:\/\/psb-planningcanada.ca\/fr\/certification\/processus-devaluation\/evaluation-reciproque\/\" \/>\n<meta property=\"og:site_name\" content=\"Professional Standards Board\" \/>\n<meta property=\"article:modified_time\" content=\"2022-06-22T19:05:02+00:00\" \/>\n<meta property=\"og:image\" content=\"https:\/\/psb-planningcanada.ca\/wp-content\/uploads\/2019\/01\/Recipricol_53801155_xl-2015-600x400.jpg\" \/>\n<meta name=\"twitter:card\" content=\"summary_large_image\" \/>\n<meta name=\"twitter:label1\" content=\"Dur\u00e9e de lecture estim\u00e9e\" \/>\n\t<meta name=\"twitter:data1\" content=\"2 minutes\" \/>\n<script type=\"application\/ld+json\" class=\"yoast-schema-graph\">{\"@context\":\"https:\\\/\\\/schema.org\",\"@graph\":[{\"@type\":\"WebPage\",\"@id\":\"https:\\\/\\\/psb-planningcanada.ca\\\/fr\\\/certification\\\/processus-devaluation\\\/evaluation-reciproque\\\/\",\"url\":\"https:\\\/\\\/psb-planningcanada.ca\\\/fr\\\/certification\\\/processus-devaluation\\\/evaluation-reciproque\\\/\",\"name\":\"\u00c9valuation r\u00e9ciproque - Professional Standards Board\",\"isPartOf\":{\"@id\":\"https:\\\/\\\/psb-planningcanada.ca\\\/#website\"},\"primaryImageOfPage\":{\"@id\":\"https:\\\/\\\/psb-planningcanada.ca\\\/fr\\\/certification\\\/processus-devaluation\\\/evaluation-reciproque\\\/#primaryimage\"},\"image\":{\"@id\":\"https:\\\/\\\/psb-planningcanada.ca\\\/fr\\\/certification\\\/processus-devaluation\\\/evaluation-reciproque\\\/#primaryimage\"},\"thumbnailUrl\":\"https:\\\/\\\/psb-planningcanada.ca\\\/wp-content\\\/uploads\\\/2019\\\/01\\\/Recipricol_53801155_xl-2015-600x400.jpg\",\"datePublished\":\"2019-01-11T18:17:01+00:00\",\"dateModified\":\"2022-06-22T19:05:02+00:00\",\"breadcrumb\":{\"@id\":\"https:\\\/\\\/psb-planningcanada.ca\\\/fr\\\/certification\\\/processus-devaluation\\\/evaluation-reciproque\\\/#breadcrumb\"},\"inLanguage\":\"fr-FR\",\"potentialAction\":[{\"@type\":\"ReadAction\",\"target\":[\"https:\\\/\\\/psb-planningcanada.ca\\\/fr\\\/certification\\\/processus-devaluation\\\/evaluation-reciproque\\\/\"]}]},{\"@type\":\"ImageObject\",\"inLanguage\":\"fr-FR\",\"@id\":\"https:\\\/\\\/psb-planningcanada.ca\\\/fr\\\/certification\\\/processus-devaluation\\\/evaluation-reciproque\\\/#primaryimage\",\"url\":\"https:\\\/\\\/psb-planningcanada.ca\\\/wp-content\\\/uploads\\\/2019\\\/01\\\/Recipricol_53801155_xl-2015-600x400.jpg\",\"contentUrl\":\"https:\\\/\\\/psb-planningcanada.ca\\\/wp-content\\\/uploads\\\/2019\\\/01\\\/Recipricol_53801155_xl-2015-600x400.jpg\"},{\"@type\":\"BreadcrumbList\",\"@id\":\"https:\\\/\\\/psb-planningcanada.ca\\\/fr\\\/certification\\\/processus-devaluation\\\/evaluation-reciproque\\\/#breadcrumb\",\"itemListElement\":[{\"@type\":\"ListItem\",\"position\":1,\"name\":\"Accueil\",\"item\":\"https:\\\/\\\/psb-planningcanada.ca\\\/fr\\\/\"},{\"@type\":\"ListItem\",\"position\":2,\"name\":\"Certification\",\"item\":\"https:\\\/\\\/psb-planningcanada.ca\\\/fr\\\/certification\\\/\"},{\"@type\":\"ListItem\",\"position\":3,\"name\":\"Processus d&rsquo;\u00e9valuation\",\"item\":\"https:\\\/\\\/psb-planningcanada.ca\\\/fr\\\/certification\\\/processus-devaluation\\\/\"},{\"@type\":\"ListItem\",\"position\":4,\"name\":\"\u00c9valuation r\u00e9ciproque\"}]},{\"@type\":\"WebSite\",\"@id\":\"https:\\\/\\\/psb-planningcanada.ca\\\/#website\",\"url\":\"https:\\\/\\\/psb-planningcanada.ca\\\/\",\"name\":\"Professional Standards Board\",\"description\":\"For the Planning Profession in Canada\",\"potentialAction\":[{\"@type\":\"SearchAction\",\"target\":{\"@type\":\"EntryPoint\",\"urlTemplate\":\"https:\\\/\\\/psb-planningcanada.ca\\\/?s={search_term_string}\"},\"query-input\":{\"@type\":\"PropertyValueSpecification\",\"valueRequired\":true,\"valueName\":\"search_term_string\"}}],\"inLanguage\":\"fr-FR\"}]}<\/script>\n<!-- \/ Yoast SEO plugin. -->","yoast_head_json":{"title":"\u00c9valuation r\u00e9ciproque - Professional Standards Board","robots":{"index":"index","follow":"follow","max-snippet":"max-snippet:-1","max-image-preview":"max-image-preview:large","max-video-preview":"max-video-preview:-1"},"canonical":"https:\/\/psb-planningcanada.ca\/fr\/certification\/processus-devaluation\/evaluation-reciproque\/","og_locale":"fr_FR","og_type":"article","og_title":"\u00c9valuation r\u00e9ciproque - Professional Standards Board","og_description":"Processus d\u2019adh\u00e9sion professionnelle r\u00e9ciproque Cette voie sp\u00e9cifique est disponible pour certains urbanistes qui sont membres d\u2019une association professionnelle et qui sont d\u00e9j\u00e0 certifi\u00e9s professionnellement par un organisme d\u2019urbanisme professionnel \u00e9tranger. Bien que cette voie ne permette pas le transfert de l\u2019adh\u00e9sion aupr\u00e8s de ces organismes, elle permet \u00e0 ces personnes... Read More about \"\u00c9valuation r\u00e9ciproque\"","og_url":"https:\/\/psb-planningcanada.ca\/fr\/certification\/processus-devaluation\/evaluation-reciproque\/","og_site_name":"Professional Standards Board","article_modified_time":"2022-06-22T19:05:02+00:00","og_image":[{"url":"https:\/\/psb-planningcanada.ca\/wp-content\/uploads\/2019\/01\/Recipricol_53801155_xl-2015-600x400.jpg","type":"","width":"","height":""}],"twitter_card":"summary_large_image","twitter_misc":{"Dur\u00e9e de lecture estim\u00e9e":"2 minutes"},"schema":{"@context":"https:\/\/schema.org","@graph":[{"@type":"WebPage","@id":"https:\/\/psb-planningcanada.ca\/fr\/certification\/processus-devaluation\/evaluation-reciproque\/","url":"https:\/\/psb-planningcanada.ca\/fr\/certification\/processus-devaluation\/evaluation-reciproque\/","name":"\u00c9valuation r\u00e9ciproque - Professional Standards Board","isPartOf":{"@id":"https:\/\/psb-planningcanada.ca\/#website"},"primaryImageOfPage":{"@id":"https:\/\/psb-planningcanada.ca\/fr\/certification\/processus-devaluation\/evaluation-reciproque\/#primaryimage"},"image":{"@id":"https:\/\/psb-planningcanada.ca\/fr\/certification\/processus-devaluation\/evaluation-reciproque\/#primaryimage"},"thumbnailUrl":"https:\/\/psb-planningcanada.ca\/wp-content\/uploads\/2019\/01\/Recipricol_53801155_xl-2015-600x400.jpg","datePublished":"2019-01-11T18:17:01+00:00","dateModified":"2022-06-22T19:05:02+00:00","breadcrumb":{"@id":"https:\/\/psb-planningcanada.ca\/fr\/certification\/processus-devaluation\/evaluation-reciproque\/#breadcrumb"},"inLanguage":"fr-FR","potentialAction":[{"@type":"ReadAction","target":["https:\/\/psb-planningcanada.ca\/fr\/certification\/processus-devaluation\/evaluation-reciproque\/"]}]},{"@type":"ImageObject","inLanguage":"fr-FR","@id":"https:\/\/psb-planningcanada.ca\/fr\/certification\/processus-devaluation\/evaluation-reciproque\/#primaryimage","url":"https:\/\/psb-planningcanada.ca\/wp-content\/uploads\/2019\/01\/Recipricol_53801155_xl-2015-600x400.jpg","contentUrl":"https:\/\/psb-planningcanada.ca\/wp-content\/uploads\/2019\/01\/Recipricol_53801155_xl-2015-600x400.jpg"},{"@type":"BreadcrumbList","@id":"https:\/\/psb-planningcanada.ca\/fr\/certification\/processus-devaluation\/evaluation-reciproque\/#breadcrumb","itemListElement":[{"@type":"ListItem","position":1,"name":"Accueil","item":"https:\/\/psb-planningcanada.ca\/fr\/"},{"@type":"ListItem","position":2,"name":"Certification","item":"https:\/\/psb-planningcanada.ca\/fr\/certification\/"},{"@type":"ListItem","position":3,"name":"Processus d&rsquo;\u00e9valuation","item":"https:\/\/psb-planningcanada.ca\/fr\/certification\/processus-devaluation\/"},{"@type":"ListItem","position":4,"name":"\u00c9valuation r\u00e9ciproque"}]},{"@type":"WebSite","@id":"https:\/\/psb-planningcanada.ca\/#website","url":"https:\/\/psb-planningcanada.ca\/","name":"Professional Standards Board","description":"For the Planning Profession in Canada","potentialAction":[{"@type":"SearchAction","target":{"@type":"EntryPoint","urlTemplate":"https:\/\/psb-planningcanada.ca\/?s={search_term_string}"},"query-input":{"@type":"PropertyValueSpecification","valueRequired":true,"valueName":"search_term_string"}}],"inLanguage":"fr-FR"}]}},"_links":{"self":[{"href":"https:\/\/psb-planningcanada.ca\/fr\/wp-json\/wp\/v2\/pages\/518","targetHints":{"allow":["GET"]}}],"collection":[{"href":"https:\/\/psb-planningcanada.ca\/fr\/wp-json\/wp\/v2\/pages"}],"about":[{"href":"https:\/\/psb-planningcanada.ca\/fr\/wp-json\/wp\/v2\/types\/page"}],"author":[{"embeddable":true,"href":"https:\/\/psb-planningcanada.ca\/fr\/wp-json\/wp\/v2\/users\/1"}],"replies":[{"embeddable":true,"href":"https:\/\/psb-planningcanada.ca\/fr\/wp-json\/wp\/v2\/comments?post=518"}],"version-history":[{"count":12,"href":"https:\/\/psb-planningcanada.ca\/fr\/wp-json\/wp\/v2\/pages\/518\/revisions"}],"predecessor-version":[{"id":3017,"href":"https:\/\/psb-planningcanada.ca\/fr\/wp-json\/wp\/v2\/pages\/518\/revisions\/3017"}],"up":[{"embeddable":true,"href":"https:\/\/psb-planningcanada.ca\/fr\/wp-json\/wp\/v2\/pages\/512"}],"wp:attachment":[{"href":"https:\/\/psb-planningcanada.ca\/fr\/wp-json\/wp\/v2\/media?parent=518"}],"curies":[{"name":"wp","href":"https:\/\/api.w.org\/{rel}","templated":true}]}}