{"id":516,"date":"2019-01-11T13:16:02","date_gmt":"2019-01-11T18:16:02","guid":{"rendered":"https:\/\/psb-planningcanada.ca\/?page_id=516"},"modified":"2022-02-04T09:36:57","modified_gmt":"2022-02-04T14:36:57","slug":"evaluation-et-reconnaissance-des-acquis-era","status":"publish","type":"page","link":"https:\/\/psb-planningcanada.ca\/fr\/certification\/processus-devaluation\/evaluation-et-reconnaissance-des-acquis-era\/","title":{"rendered":"\u00c9valuation et reconnaissance des acquis (\u00c9RA)"},"content":{"rendered":"<h2>Processus d\u2019\u00e9valuation et de reconnaissance des acquis (\u00c9RA)<\/h2>\n<p>Cette autre voie est offerte aux urbanistes qui d\u00e9tiennent un <strong>dipl\u00f4me<\/strong> universitaire <em>autre<\/em> qu\u2019un dipl\u00f4me universitaire en urbanisme dans un programme officiellement accr\u00e9dit\u00e9 par la profession d\u2019urbaniste.<\/p>\n<img loading=\"lazy\" decoding=\"async\" class=\"aligncenter wp-image-594\" src=\"https:\/\/psb-planningcanada.ca\/wp-content\/uploads\/2019\/01\/PLAR_137974802_xl-2015.jpg\" sizes=\"auto, (max-width: 618px) 100vw, 618px\" srcset=\"https:\/\/psb-planningcanada.ca\/wp-content\/uploads\/2019\/01\/PLAR_137974802_xl-2015.jpg 1199w, https:\/\/psb-planningcanada.ca\/wp-content\/uploads\/2019\/01\/PLAR_137974802_xl-2015-600x400.jpg 600w\" alt=\"Business Corporate People Working\" width=\"618\" height=\"413\" \/>\n<p>Les conditions d\u2019adh\u00e9sion sp\u00e9cifiques pour l\u2019admission dans le cadre de cette voie exigent d\u2019un urbaniste individuel les points suivants\u00a0:<\/p>\n<ul>\n<li>Avoir un emploi dans le domaine de I&rsquo; urbanisme (pour de plus amples renseignements sur ce qui constitue un emploi en urbanisme, veuillez consulter notre\u00a0<a href=\"https:\/\/psb-planningcanada.ca\/fr\/faqs\/\"><strong>FAQ<\/strong><\/a>), et<\/li>\n<li>D\u00e9tenir un dipl\u00f4me de premier cycle de quatre ans (autre qu\u2019un dipl\u00f4me en urbanisme d\u2019un programme accr\u00e9dit\u00e9),<\/li>\n<li>Avoir acquis et d\u00e9montr\u00e9 l\u2019\u00e9quivalent d\u2019au moins une p\u00e9riode cumul\u00e9e de <strong>cinq ans<\/strong> d\u2019exp\u00e9rience responsable en urbanisme professionnel (au Canada ou \u00e0 l\u2019\u00e9tranger),\u00a0pour de plus amples renseignements sur ce qui constitue un emploi en urbanisme, veuillez consulter notre\u00a0<strong><a href=\"https:\/\/psb-planningcanada.ca\/fr\/faqs\/\">FAQ<\/a>,\u00a0<\/strong>et<\/li>\n<li>Avoir r\u00e9ussi le processus d\u2019\u00c9RA, d\u00e9montrant les normes de base en mati\u00e8re de comp\u00e9tences et de connaissances.<\/li>\n<\/ul>\n<p>Les personnes qui souhaitent \u00eatre admises \u00e0 titre de membres candidats dans le cadre de cette voie doivent d\u00e9montrer, au moyen d\u2019une demande d\u2019admission et d\u2019un processus d\u2019\u00e9valuation \u00c9RA aupr\u00e8s du CNP, qu\u2019elles satisfont aux normes \u00e9l\u00e9mentaires de comp\u00e9tence et de connaissances, et doivent obtenir des cr\u00e9dits aux fins de la certification en fonction d\u2019une combinaison d\u2019exp\u00e9rience ant\u00e9rieure, du perfectionnement professionnel et d\u2019\u00e9tudes.<\/p>\n<p>Dans le cadre de cette voie, le processus d\u2019\u00c9RA fait intervenir les postulants de la fa\u00e7on suivante\u00a0:<\/p>\n<ul>\n<li style=\"list-style-type: none;\">\n<ul>\n<li>Documenter et d\u00e9montrer qu\u2019ils ont une exp\u00e9rience responsable d\u2019au moins <strong>cinq\u00a0ans<\/strong> en urbanisme professionnel;<\/li>\n<li>Ils doivent r\u00e9ussir \u00e0 prouver une \u00e9quivalence des normes de comp\u00e9tence au moyen de la pr\u00e9sentation d\u2019un portfolio \u00c9RA. Cela inclut une liste des qualifications postsecondaires (entre autres), comme les dipl\u00f4mes universitaires, les qualifications professionnelles et la concordance des cours th\u00e9oriques et\/ou de l\u2019exp\u00e9rience professionnelle avec les comp\u00e9tences requises) ainsi que le\u00a0<a href=\"https:\/\/psb-planningcanada.ca\/wp-content\/uploads\/2019\/04\/PLAR-Assessment-Form_FR.docx\">formulaire d\u2019auto\u00e9valuation<\/a>\u00a0d\u00fbment rempli.<\/li>\n<li>REMARQUE\u00a0: Votre portfolio doit \u00eatre soumis \u00e9lectroniquement par le biais de notre\u00a0<a href=\"https:\/\/psb-planningcanada.ca\/fr\/certification\/portail-pour-candidats\/\">portail pour les candidats<\/a>.<\/li>\n<\/ul>\n<\/li>\n<\/ul>\n<p>Un <a href=\"https:\/\/psb-planningcanada.ca\/wp-content\/uploads\/2019\/04\/PLAR-Portfolio-Development-Guide_FR.docx\">Guide d\u2019\u00e9laboration du portfolio de l\u2019\u00c9RA<\/a>\u00a0s\u00e9par\u00e9 d\u00e9crivant les d\u00e9tails et les exigences du processus d\u2019\u00c9RA est mis \u00e0 la disposition des candidats qui souhaitent devenir membres par la voie de l\u2019\u00c9RA et devrait \u00eatre examin\u00e9 attentivement.<\/p>\n<p><em>\u00c0 noter: Nous acceptons les copies \u00e9lectroniques de votre relev\u00e9 de transcription officiel. Veuillez noter que pour assurer la validation, il doit \u00eatre envoy\u00e9 directement de votre universit\u00e9 ou de son tiers \u00e0 <a href=\"mailto:certification@psb-planningcanada.ca\">certification@psb-planningcanada.ca<\/a>.<\/em><\/p>\n<h3>\u00c9valuation des dipl\u00f4mes<\/h3>\n<p>Si le dipl\u00f4me que vous d\u00e9sirez soumettre avec votre demande a \u00e9t\u00e9 obtenu \u00e0 l\u2019ext\u00e9rieur du Canada, des \u00c9tats-Unis ou de l\u2019Australie, vous devez prendre des dispositions afin de le faire \u00e9valuer. L\u2019\u00e9valuation par l\u2019un des organismes suivants est requise\u00a0:<\/p>\n<ul>\n<li>Centre d\u2019information canadien sur les dipl\u00f4mes internationaux, T\u00e9l.\u00a0: 416-962-9725; Site web\u00a0: <a href=\"http:\/\/www.cicic.ca\/\">cicic.ca<\/a><\/li>\n<li>International Qualifications Assessment Service (IQAS) T\u00e9l.\u00a0: 780-427-2655; Site web\u00a0: <a href=\"https:\/\/www.alberta.ca\/iqas-overview.aspx\">learning.gov.ab.ca\/iqas<\/a><\/li>\n<li>World Education Services Canada (WES): International Credential Evaluation T\u00e9l. : 414-972-0070 Site web\u00a0:<a href=\"https:\/\/www.wes.org\/ca\/\">https:\/\/www.wes.org\/ca\/<\/a><\/li>\n<\/ul>\n<h2>Il y a trois \u00e9l\u00e9ments de co\u00fbt \u00e0 consid\u00e9rer (\u00e0 l\u2019exclusion de votre investissement dans votre dipl\u00f4me)\u00a0:<\/h2>\n<ul>\n<li>Cotisations du CNP<\/li>\n<li>Les cotisations d\u2019adh\u00e9sion \u00e9valu\u00e9es par votre association ou institut provincial ou territorial<\/li>\n<li>Les frais accessoires que vous pourriez encourir (p. ex. repas\/caf\u00e9 avec votre mentor, tout s\u00e9minaire ou atelier auquel vous pourriez assister dans le cadre de votre mentorat, etc.)<\/li>\n<\/ul>\n<table style=\"height: 120px; width: 77%;\" width=\"77%\">\n<thead>\n<tr style=\"height: 24px;\">\n<th style=\"text-align: left; height: 24px;\" scope=\"col\" width=\"340\"><strong>\u00a0<\/strong><\/th>\n<th style=\"text-align: left; height: 24px;\" scope=\"col\" width=\"148\">\u00c9RA<\/th>\n<\/tr>\n<\/thead>\n<tbody>\n<tr style=\"height: 24px;\">\n<th style=\"text-align: left; height: 24px;\" scope=\"row\" width=\"340\">Frais d\u2019\u00e9valuation\u00a0 du CNP\u00a0(non remboursable)<\/th>\n<td style=\"height: 24px;\" width=\"148\">650,00 $<\/td>\n<\/tr>\n<tr style=\"height: 24px;\">\n<th style=\"text-align: left; height: 24px;\" scope=\"row\" width=\"340\">Cours en \u00e9thique et professionnalisme et test<\/th>\n<td style=\"height: 24px;\" width=\"148\">450,00 $<\/td>\n<\/tr>\n<tr style=\"height: 24px;\">\n<th style=\"text-align: left; height: 24px;\" scope=\"row\" width=\"340\">Examen professionnel<\/th>\n<td style=\"height: 24px;\" width=\"148\">500,00 $<\/td>\n<\/tr>\n<tr style=\"height: 24px;\">\n<th style=\"text-align: left; height: 24px;\" scope=\"row\" width=\"340\"><strong>\u00a0Totale<\/strong><\/th>\n<td style=\"height: 24px;\" width=\"148\">1 600,00 $<\/td>\n<\/tr>\n<\/tbody>\n<\/table>\n<p>Nos cotisations sont assujetties \u00e0 la TPS\/TVH, ce qui n\u2019est pas indiqu\u00e9 dans le tableau ci-dessus.<\/p>\n<p>Veuillez consulter notre\u00a0<a href=\"https:\/\/psb-planningcanada.ca\/fr\/faqs\/\">FAQ<\/a>\u00a0pour plus de d\u00e9tails ou communiquer avec nous \u00e0\u00a0<a href=\"mailto:certification@psb-planningcanada.ca\">certification@psb-planningcanada.ca<\/a> pour de plus amples renseignements.<\/p>\n<p style=\"text-align: center;\"><a class=\"button\" href=\"https:\/\/psb-planningcanada.ca\/fr\/certification\/portail-pour-candidats\/\">PR\u00c9SENTEZ UNE DEMANDE D\u00c8S MAINTENANT<\/a><\/p>\n","protected":false},"excerpt":{"rendered":"<p>Processus d\u2019\u00e9valuation et de reconnaissance des acquis (\u00c9RA) Cette autre voie est offerte aux urbanistes qui d\u00e9tiennent un dipl\u00f4me universitaire autre qu\u2019un dipl\u00f4me universitaire en urbanisme dans un programme officiellement accr\u00e9dit\u00e9 par la profession d\u2019urbaniste. Les conditions d\u2019adh\u00e9sion sp\u00e9cifiques pour l\u2019admission dans le cadre de cette voie exigent d\u2019un urbaniste&#8230; <a class=\"read-more\" href=\"https:\/\/psb-planningcanada.ca\/fr\/certification\/processus-devaluation\/evaluation-et-reconnaissance-des-acquis-era\/\">Read More<span class=\"hidden\"> about \u00ab\u00a0\u00c9valuation et reconnaissance des acquis (\u00c9RA)\u00a0\u00bb<\/span><\/a><\/p>\n","protected":false},"author":1,"featured_media":0,"parent":512,"menu_order":20,"comment_status":"closed","ping_status":"closed","template":"","meta":{"_acf_changed":false,"_mc_calendar":[],"footnotes":""},"class_list":["post-516","page","type-page","status-publish","hentry"],"acf":[],"yoast_head":"<!-- This site is optimized with the Yoast SEO plugin v27.3 - https:\/\/yoast.com\/product\/yoast-seo-wordpress\/ -->\n<title>\u00c9valuation et reconnaissance des acquis (\u00c9RA) - Professional Standards Board<\/title>\n<meta name=\"robots\" content=\"index, follow, max-snippet:-1, max-image-preview:large, max-video-preview:-1\" \/>\n<link rel=\"canonical\" href=\"https:\/\/psb-planningcanada.ca\/fr\/certification\/processus-devaluation\/evaluation-et-reconnaissance-des-acquis-era\/\" \/>\n<meta property=\"og:locale\" content=\"fr_FR\" \/>\n<meta property=\"og:type\" content=\"article\" \/>\n<meta property=\"og:title\" content=\"\u00c9valuation et reconnaissance des acquis (\u00c9RA) - Professional Standards Board\" \/>\n<meta property=\"og:description\" content=\"Processus d\u2019\u00e9valuation et de reconnaissance des acquis (\u00c9RA) Cette autre voie est offerte aux urbanistes qui d\u00e9tiennent un dipl\u00f4me universitaire autre qu\u2019un dipl\u00f4me universitaire en urbanisme dans un programme officiellement accr\u00e9dit\u00e9 par la profession d\u2019urbaniste. Les conditions d\u2019adh\u00e9sion sp\u00e9cifiques pour l\u2019admission dans le cadre de cette voie exigent d\u2019un urbaniste... Read More about &quot;\u00c9valuation et reconnaissance des acquis (\u00c9RA)&quot;\" \/>\n<meta property=\"og:url\" content=\"https:\/\/psb-planningcanada.ca\/fr\/certification\/processus-devaluation\/evaluation-et-reconnaissance-des-acquis-era\/\" \/>\n<meta property=\"og:site_name\" content=\"Professional Standards Board\" \/>\n<meta property=\"article:modified_time\" content=\"2022-02-04T14:36:57+00:00\" \/>\n<meta property=\"og:image\" content=\"https:\/\/psb-planningcanada.ca\/wp-content\/uploads\/2019\/01\/PLAR_137974802_xl-2015.jpg\" \/>\n<meta name=\"twitter:card\" content=\"summary_large_image\" \/>\n<meta name=\"twitter:label1\" content=\"Dur\u00e9e de lecture estim\u00e9e\" \/>\n\t<meta name=\"twitter:data1\" content=\"3 minutes\" \/>\n<script type=\"application\/ld+json\" class=\"yoast-schema-graph\">{\"@context\":\"https:\\\/\\\/schema.org\",\"@graph\":[{\"@type\":\"WebPage\",\"@id\":\"https:\\\/\\\/psb-planningcanada.ca\\\/fr\\\/certification\\\/processus-devaluation\\\/evaluation-et-reconnaissance-des-acquis-era\\\/\",\"url\":\"https:\\\/\\\/psb-planningcanada.ca\\\/fr\\\/certification\\\/processus-devaluation\\\/evaluation-et-reconnaissance-des-acquis-era\\\/\",\"name\":\"\u00c9valuation et reconnaissance des acquis (\u00c9RA) - Professional Standards Board\",\"isPartOf\":{\"@id\":\"https:\\\/\\\/psb-planningcanada.ca\\\/#website\"},\"primaryImageOfPage\":{\"@id\":\"https:\\\/\\\/psb-planningcanada.ca\\\/fr\\\/certification\\\/processus-devaluation\\\/evaluation-et-reconnaissance-des-acquis-era\\\/#primaryimage\"},\"image\":{\"@id\":\"https:\\\/\\\/psb-planningcanada.ca\\\/fr\\\/certification\\\/processus-devaluation\\\/evaluation-et-reconnaissance-des-acquis-era\\\/#primaryimage\"},\"thumbnailUrl\":\"https:\\\/\\\/psb-planningcanada.ca\\\/wp-content\\\/uploads\\\/2019\\\/01\\\/PLAR_137974802_xl-2015.jpg\",\"datePublished\":\"2019-01-11T18:16:02+00:00\",\"dateModified\":\"2022-02-04T14:36:57+00:00\",\"breadcrumb\":{\"@id\":\"https:\\\/\\\/psb-planningcanada.ca\\\/fr\\\/certification\\\/processus-devaluation\\\/evaluation-et-reconnaissance-des-acquis-era\\\/#breadcrumb\"},\"inLanguage\":\"fr-FR\",\"potentialAction\":[{\"@type\":\"ReadAction\",\"target\":[\"https:\\\/\\\/psb-planningcanada.ca\\\/fr\\\/certification\\\/processus-devaluation\\\/evaluation-et-reconnaissance-des-acquis-era\\\/\"]}]},{\"@type\":\"ImageObject\",\"inLanguage\":\"fr-FR\",\"@id\":\"https:\\\/\\\/psb-planningcanada.ca\\\/fr\\\/certification\\\/processus-devaluation\\\/evaluation-et-reconnaissance-des-acquis-era\\\/#primaryimage\",\"url\":\"https:\\\/\\\/psb-planningcanada.ca\\\/wp-content\\\/uploads\\\/2019\\\/01\\\/PLAR_137974802_xl-2015.jpg\",\"contentUrl\":\"https:\\\/\\\/psb-planningcanada.ca\\\/wp-content\\\/uploads\\\/2019\\\/01\\\/PLAR_137974802_xl-2015.jpg\"},{\"@type\":\"BreadcrumbList\",\"@id\":\"https:\\\/\\\/psb-planningcanada.ca\\\/fr\\\/certification\\\/processus-devaluation\\\/evaluation-et-reconnaissance-des-acquis-era\\\/#breadcrumb\",\"itemListElement\":[{\"@type\":\"ListItem\",\"position\":1,\"name\":\"Accueil\",\"item\":\"https:\\\/\\\/psb-planningcanada.ca\\\/fr\\\/\"},{\"@type\":\"ListItem\",\"position\":2,\"name\":\"Certification\",\"item\":\"https:\\\/\\\/psb-planningcanada.ca\\\/fr\\\/certification\\\/\"},{\"@type\":\"ListItem\",\"position\":3,\"name\":\"Processus d&rsquo;\u00e9valuation\",\"item\":\"https:\\\/\\\/psb-planningcanada.ca\\\/fr\\\/certification\\\/processus-devaluation\\\/\"},{\"@type\":\"ListItem\",\"position\":4,\"name\":\"\u00c9valuation et reconnaissance des acquis (\u00c9RA)\"}]},{\"@type\":\"WebSite\",\"@id\":\"https:\\\/\\\/psb-planningcanada.ca\\\/#website\",\"url\":\"https:\\\/\\\/psb-planningcanada.ca\\\/\",\"name\":\"Professional Standards Board\",\"description\":\"For the Planning Profession in Canada\",\"potentialAction\":[{\"@type\":\"SearchAction\",\"target\":{\"@type\":\"EntryPoint\",\"urlTemplate\":\"https:\\\/\\\/psb-planningcanada.ca\\\/?s={search_term_string}\"},\"query-input\":{\"@type\":\"PropertyValueSpecification\",\"valueRequired\":true,\"valueName\":\"search_term_string\"}}],\"inLanguage\":\"fr-FR\"}]}<\/script>\n<!-- \/ Yoast SEO plugin. -->","yoast_head_json":{"title":"\u00c9valuation et reconnaissance des acquis (\u00c9RA) - Professional Standards Board","robots":{"index":"index","follow":"follow","max-snippet":"max-snippet:-1","max-image-preview":"max-image-preview:large","max-video-preview":"max-video-preview:-1"},"canonical":"https:\/\/psb-planningcanada.ca\/fr\/certification\/processus-devaluation\/evaluation-et-reconnaissance-des-acquis-era\/","og_locale":"fr_FR","og_type":"article","og_title":"\u00c9valuation et reconnaissance des acquis (\u00c9RA) - Professional Standards Board","og_description":"Processus d\u2019\u00e9valuation et de reconnaissance des acquis (\u00c9RA) Cette autre voie est offerte aux urbanistes qui d\u00e9tiennent un dipl\u00f4me universitaire autre qu\u2019un dipl\u00f4me universitaire en urbanisme dans un programme officiellement accr\u00e9dit\u00e9 par la profession d\u2019urbaniste. Les conditions d\u2019adh\u00e9sion sp\u00e9cifiques pour l\u2019admission dans le cadre de cette voie exigent d\u2019un urbaniste... Read More about \"\u00c9valuation et reconnaissance des acquis (\u00c9RA)\"","og_url":"https:\/\/psb-planningcanada.ca\/fr\/certification\/processus-devaluation\/evaluation-et-reconnaissance-des-acquis-era\/","og_site_name":"Professional Standards Board","article_modified_time":"2022-02-04T14:36:57+00:00","og_image":[{"url":"https:\/\/psb-planningcanada.ca\/wp-content\/uploads\/2019\/01\/PLAR_137974802_xl-2015.jpg","type":"","width":"","height":""}],"twitter_card":"summary_large_image","twitter_misc":{"Dur\u00e9e de lecture estim\u00e9e":"3 minutes"},"schema":{"@context":"https:\/\/schema.org","@graph":[{"@type":"WebPage","@id":"https:\/\/psb-planningcanada.ca\/fr\/certification\/processus-devaluation\/evaluation-et-reconnaissance-des-acquis-era\/","url":"https:\/\/psb-planningcanada.ca\/fr\/certification\/processus-devaluation\/evaluation-et-reconnaissance-des-acquis-era\/","name":"\u00c9valuation et reconnaissance des acquis (\u00c9RA) - Professional Standards Board","isPartOf":{"@id":"https:\/\/psb-planningcanada.ca\/#website"},"primaryImageOfPage":{"@id":"https:\/\/psb-planningcanada.ca\/fr\/certification\/processus-devaluation\/evaluation-et-reconnaissance-des-acquis-era\/#primaryimage"},"image":{"@id":"https:\/\/psb-planningcanada.ca\/fr\/certification\/processus-devaluation\/evaluation-et-reconnaissance-des-acquis-era\/#primaryimage"},"thumbnailUrl":"https:\/\/psb-planningcanada.ca\/wp-content\/uploads\/2019\/01\/PLAR_137974802_xl-2015.jpg","datePublished":"2019-01-11T18:16:02+00:00","dateModified":"2022-02-04T14:36:57+00:00","breadcrumb":{"@id":"https:\/\/psb-planningcanada.ca\/fr\/certification\/processus-devaluation\/evaluation-et-reconnaissance-des-acquis-era\/#breadcrumb"},"inLanguage":"fr-FR","potentialAction":[{"@type":"ReadAction","target":["https:\/\/psb-planningcanada.ca\/fr\/certification\/processus-devaluation\/evaluation-et-reconnaissance-des-acquis-era\/"]}]},{"@type":"ImageObject","inLanguage":"fr-FR","@id":"https:\/\/psb-planningcanada.ca\/fr\/certification\/processus-devaluation\/evaluation-et-reconnaissance-des-acquis-era\/#primaryimage","url":"https:\/\/psb-planningcanada.ca\/wp-content\/uploads\/2019\/01\/PLAR_137974802_xl-2015.jpg","contentUrl":"https:\/\/psb-planningcanada.ca\/wp-content\/uploads\/2019\/01\/PLAR_137974802_xl-2015.jpg"},{"@type":"BreadcrumbList","@id":"https:\/\/psb-planningcanada.ca\/fr\/certification\/processus-devaluation\/evaluation-et-reconnaissance-des-acquis-era\/#breadcrumb","itemListElement":[{"@type":"ListItem","position":1,"name":"Accueil","item":"https:\/\/psb-planningcanada.ca\/fr\/"},{"@type":"ListItem","position":2,"name":"Certification","item":"https:\/\/psb-planningcanada.ca\/fr\/certification\/"},{"@type":"ListItem","position":3,"name":"Processus d&rsquo;\u00e9valuation","item":"https:\/\/psb-planningcanada.ca\/fr\/certification\/processus-devaluation\/"},{"@type":"ListItem","position":4,"name":"\u00c9valuation et reconnaissance des acquis (\u00c9RA)"}]},{"@type":"WebSite","@id":"https:\/\/psb-planningcanada.ca\/#website","url":"https:\/\/psb-planningcanada.ca\/","name":"Professional Standards Board","description":"For the Planning Profession in Canada","potentialAction":[{"@type":"SearchAction","target":{"@type":"EntryPoint","urlTemplate":"https:\/\/psb-planningcanada.ca\/?s={search_term_string}"},"query-input":{"@type":"PropertyValueSpecification","valueRequired":true,"valueName":"search_term_string"}}],"inLanguage":"fr-FR"}]}},"_links":{"self":[{"href":"https:\/\/psb-planningcanada.ca\/fr\/wp-json\/wp\/v2\/pages\/516","targetHints":{"allow":["GET"]}}],"collection":[{"href":"https:\/\/psb-planningcanada.ca\/fr\/wp-json\/wp\/v2\/pages"}],"about":[{"href":"https:\/\/psb-planningcanada.ca\/fr\/wp-json\/wp\/v2\/types\/page"}],"author":[{"embeddable":true,"href":"https:\/\/psb-planningcanada.ca\/fr\/wp-json\/wp\/v2\/users\/1"}],"replies":[{"embeddable":true,"href":"https:\/\/psb-planningcanada.ca\/fr\/wp-json\/wp\/v2\/comments?post=516"}],"version-history":[{"count":10,"href":"https:\/\/psb-planningcanada.ca\/fr\/wp-json\/wp\/v2\/pages\/516\/revisions"}],"predecessor-version":[{"id":2585,"href":"https:\/\/psb-planningcanada.ca\/fr\/wp-json\/wp\/v2\/pages\/516\/revisions\/2585"}],"up":[{"embeddable":true,"href":"https:\/\/psb-planningcanada.ca\/fr\/wp-json\/wp\/v2\/pages\/512"}],"wp:attachment":[{"href":"https:\/\/psb-planningcanada.ca\/fr\/wp-json\/wp\/v2\/media?parent=516"}],"curies":[{"name":"wp","href":"https:\/\/api.w.org\/{rel}","templated":true}]}}