{"id":507,"date":"2019-01-11T12:58:38","date_gmt":"2019-01-11T17:58:38","guid":{"rendered":"https:\/\/psb-planningcanada.ca\/?page_id=507"},"modified":"2024-11-01T11:37:16","modified_gmt":"2024-11-01T15:37:16","slug":"comites","status":"publish","type":"page","link":"https:\/\/psb-planningcanada.ca\/fr\/a-propos-de-nous\/comites\/","title":{"rendered":"Comit\u00e9s"},"content":{"rendered":"<p>En plus de son conseil d&rsquo;administration, le CNP dispose de trois comit\u00e9s qui jouent un r\u00f4le essentiel dans la prestation de services :<\/p>\n<ul>\n<li><strong>Comit\u00e9 de formation professionnelle et d&rsquo;examen (CFPE)<\/strong><\/li>\n<li><strong>Comit\u00e9 des programmes d&rsquo;accr\u00e9ditation (CPA)<\/strong><\/li>\n<li><strong>Comit\u00e9 consultatif sur les normes (CCN)<\/strong><\/li>\n<\/ul>\n<h2><strong>Mandat du CFPE<\/strong><\/h2>\n<p>Le mandat du Comit\u00e9 de formation professionnelle et d&rsquo;examen (CFPE) est de :<\/p>\n<ul>\n<li>D\u00e9velopper, dispenser et maintenir le cours\/test en ligne sur l&rsquo;\u00e9thique et le professionnalisme ainsi que l&rsquo;examen professionnel.<\/li>\n<li>Assurer la livraison et l&rsquo;\u00e9valuation r\u00e9guli\u00e8res, coh\u00e9rentes et en temps voulu du test d&rsquo;\u00e9thique et de professionnalisme du CNP et de l&rsquo;examen professionnel.<\/li>\n<li>Garantir l&rsquo;int\u00e9grit\u00e9, la coh\u00e9rence, la qualit\u00e9 et la pertinence continues du test d&rsquo;\u00e9thique et de professionnalisme et de l&rsquo;examen professionnel.<\/li>\n<li>S&rsquo;assurer que des politiques et proc\u00e9dures appropri\u00e9es sont en place pour la livraison efficace et r\u00e9ussie du test d&rsquo;\u00e9thique et de professionnalisme et de l&rsquo;examen professionnel.<\/li>\n<li>Identifier, recruter, d\u00e9signer et maintenir un bassin de b\u00e9n\u00e9voles pour le processus de certification.<\/li>\n<li>D\u00e9velopper et maintenir une banque de questions et\/ou d&rsquo;exercices potentiels li\u00e9s au test d&rsquo;\u00e9thique et de professionnalisme et \u00e0 l&rsquo;examen professionnel.<\/li>\n<li>Conseiller le CNP sur les questions de politiques administratives et autres concernant le processus de certification.<\/li>\n<\/ul>\n<h2><strong>Mandat du CPA :<\/strong><\/h2>\n<p>Le mandat du Comit\u00e9 des programmes d&rsquo;accr\u00e9ditation (CPA) est de :<\/p>\n<ul>\n<li>Superviser les politiques et proc\u00e9dures pour la livraison du programme d&rsquo;accr\u00e9ditation conform\u00e9ment au Manuel national des membres \u2013 Accr\u00e9ditation.<\/li>\n<li>Promouvoir l&rsquo;accr\u00e9ditation comme un atout pour la profession de planification.<\/li>\n<li>Examiner les demandes et d\u00e9terminer les crit\u00e8res d&rsquo;admissibilit\u00e9 pour l&rsquo;accr\u00e9ditation selon les normes.<\/li>\n<li>Fournir, par l&rsquo;interm\u00e9diaire du CNP, aux Instituts et Associations provinciaux\/territoriaux (IPAT) des informations \u00e0 jour sur le statut d&rsquo;accr\u00e9ditation et sur le programme.<\/li>\n<li>Approuver les crit\u00e8res de s\u00e9lection pour les \u00e9valuateurs, et recruter, former et administrer les \u00e9valuateurs b\u00e9n\u00e9voles.<\/li>\n<li>Effectuer des examens des formulaires de rapports annuels et des examens intensifs de cinq ans (visites sur site).<\/li>\n<li>Pr\u00e9parer des recommandations pour l&rsquo;accr\u00e9ditation.<\/li>\n<\/ul>\n<h2><strong>Mandat du CCN :<\/strong><\/h2>\n<p>Le Comit\u00e9 consultatif sur les normes (CCN) du CNP consultera largement au sein et en dehors de la profession pour d\u00e9velopper et recommander au conseil du CNP des voies, normes, m\u00e9triques et codes nationaux coh\u00e9rents pouvant \u00eatre adopt\u00e9s universellement par les IPAT et le CIP. Plus pr\u00e9cis\u00e9ment, le Comit\u00e9 :<\/p>\n<ul>\n<li>Assurera la reconnaissance des exigences l\u00e9gislatives provinciales sp\u00e9cifiques de chaque IPAT qui peuvent l\u00e9g\u00e8rement varier de la norme nationale, tout en respectant les objectifs et concepts globaux.<\/li>\n<li>Garantira la portabilit\u00e9 et la transf\u00e9rabilit\u00e9 des planificateurs professionnels \u00e0 travers le Canada.<\/li>\n<li>R\u00e9visera, mettra \u00e0 jour et maintiendra le processus, l&rsquo;\u00e9valuation et les normes de reconnaissance des acquis (RPL).<\/li>\n<li>Documentera, d\u00e9veloppera, surveillera, affinera et recommandera des voies nationales coh\u00e9rentes vers la qualification pour les personnes cherchant \u00e0 se qualifier en tant que planificateurs professionnels.<\/li>\n<li>Documentera, d\u00e9veloppera, surveillera, affinera et recommandera des normes et m\u00e9triques de comp\u00e9tence nationales coh\u00e9rentes pour les personnes se qualifiant pour pratiquer en tant que planificateurs professionnels.<\/li>\n<li>Documentera, d\u00e9veloppera, surveillera, affinera et recommandera des normes \u00e9thiques nationales coh\u00e9rentes et des m\u00e9triques pour les personnes qualifi\u00e9es ou en cours de qualification pour pratiquer en tant que planificateurs professionnels.<\/li>\n<li>Documentera, d\u00e9veloppera, surveillera, affinera et recommandera des codes de conduite professionnelle nationaux coh\u00e9rents pour les personnes qualifi\u00e9es et en cours de qualification pour pratiquer en tant que planificateurs professionnels.<\/li>\n<li>Documentera, d\u00e9veloppera, surveillera, affinera et recommandera des normes d&rsquo;accr\u00e9ditation nationales coh\u00e9rentes et des m\u00e9triques pour les \u00e9tablissements acad\u00e9miques se qualifiant pour d\u00e9livrer des dipl\u00f4mes en planification reconnus.<\/li>\n<li>Documentera, d\u00e9veloppera, surveillera, affinera et recommandera des d\u00e9finitions nationales coh\u00e9rentes li\u00e9es aux fonctions standard, y compris la d\u00e9finition de la planification.<\/li>\n<li>Documentera, d\u00e9veloppera, surveillera, affinera et recommandera des normes et des m\u00e9triques nationales de formation professionnelle continue coh\u00e9rentes pour les personnes se qualifiant et qualifi\u00e9es pour pratiquer en tant que planificateurs professionnels.<\/li>\n<li>Fournira des conseils interpr\u00e9tatifs li\u00e9s aux voies, normes et m\u00e9triques adopt\u00e9es au niveau national.<\/li>\n<\/ul>\n<h3><strong>Plus de questions ?<\/strong><\/h3>\n<p>Contactez Ryan Jones, Responsable des op\u00e9rations (par courriel : <a rel=\"noopener\">operations@cnp-planningcanada.ca<\/a> ou par t\u00e9l\u00e9phone : 647-317-6924 \/ 1-844-202-9002)<\/p>\n","protected":false},"excerpt":{"rendered":"<p>En plus de son conseil d&rsquo;administration, le CNP dispose de trois comit\u00e9s qui jouent un r\u00f4le essentiel dans la prestation de services : Comit\u00e9 de formation professionnelle et d&rsquo;examen (CFPE) Comit\u00e9 des programmes d&rsquo;accr\u00e9ditation (CPA) Comit\u00e9 consultatif sur les normes (CCN) Mandat du CFPE Le mandat du Comit\u00e9 de formation&#8230; <a class=\"read-more\" href=\"https:\/\/psb-planningcanada.ca\/fr\/a-propos-de-nous\/comites\/\">Read More<span class=\"hidden\"> about \u00ab\u00a0Comit\u00e9s\u00a0\u00bb<\/span><\/a><\/p>\n","protected":false},"author":1,"featured_media":0,"parent":503,"menu_order":20,"comment_status":"closed","ping_status":"closed","template":"","meta":{"_acf_changed":false,"_mc_calendar":[],"footnotes":""},"class_list":["post-507","page","type-page","status-publish","hentry"],"acf":[],"yoast_head":"<!-- This site is optimized with the Yoast SEO plugin v27.3 - https:\/\/yoast.com\/product\/yoast-seo-wordpress\/ -->\n<title>Comit\u00e9s - Professional Standards Board<\/title>\n<meta name=\"robots\" content=\"index, follow, max-snippet:-1, max-image-preview:large, max-video-preview:-1\" \/>\n<link rel=\"canonical\" href=\"https:\/\/psb-planningcanada.ca\/fr\/a-propos-de-nous\/comites\/\" \/>\n<meta property=\"og:locale\" content=\"fr_FR\" \/>\n<meta property=\"og:type\" content=\"article\" \/>\n<meta property=\"og:title\" content=\"Comit\u00e9s - Professional Standards Board\" \/>\n<meta property=\"og:description\" content=\"En plus de son conseil d&rsquo;administration, le CNP dispose de trois comit\u00e9s qui jouent un r\u00f4le essentiel dans la prestation de services : Comit\u00e9 de formation professionnelle et d&rsquo;examen (CFPE) Comit\u00e9 des programmes d&rsquo;accr\u00e9ditation (CPA) Comit\u00e9 consultatif sur les normes (CCN) Mandat du CFPE Le mandat du Comit\u00e9 de formation... Read More about &quot;Comit\u00e9s&quot;\" \/>\n<meta property=\"og:url\" content=\"https:\/\/psb-planningcanada.ca\/fr\/a-propos-de-nous\/comites\/\" \/>\n<meta property=\"og:site_name\" content=\"Professional Standards Board\" \/>\n<meta property=\"article:modified_time\" content=\"2024-11-01T15:37:16+00:00\" \/>\n<meta name=\"twitter:card\" content=\"summary_large_image\" \/>\n<meta name=\"twitter:label1\" content=\"Dur\u00e9e de lecture estim\u00e9e\" \/>\n\t<meta name=\"twitter:data1\" content=\"3 minutes\" \/>\n<script type=\"application\/ld+json\" class=\"yoast-schema-graph\">{\"@context\":\"https:\\\/\\\/schema.org\",\"@graph\":[{\"@type\":\"WebPage\",\"@id\":\"https:\\\/\\\/psb-planningcanada.ca\\\/fr\\\/a-propos-de-nous\\\/comites\\\/\",\"url\":\"https:\\\/\\\/psb-planningcanada.ca\\\/fr\\\/a-propos-de-nous\\\/comites\\\/\",\"name\":\"Comit\u00e9s - Professional Standards Board\",\"isPartOf\":{\"@id\":\"https:\\\/\\\/psb-planningcanada.ca\\\/#website\"},\"datePublished\":\"2019-01-11T17:58:38+00:00\",\"dateModified\":\"2024-11-01T15:37:16+00:00\",\"breadcrumb\":{\"@id\":\"https:\\\/\\\/psb-planningcanada.ca\\\/fr\\\/a-propos-de-nous\\\/comites\\\/#breadcrumb\"},\"inLanguage\":\"fr-FR\",\"potentialAction\":[{\"@type\":\"ReadAction\",\"target\":[\"https:\\\/\\\/psb-planningcanada.ca\\\/fr\\\/a-propos-de-nous\\\/comites\\\/\"]}]},{\"@type\":\"BreadcrumbList\",\"@id\":\"https:\\\/\\\/psb-planningcanada.ca\\\/fr\\\/a-propos-de-nous\\\/comites\\\/#breadcrumb\",\"itemListElement\":[{\"@type\":\"ListItem\",\"position\":1,\"name\":\"Accueil\",\"item\":\"https:\\\/\\\/psb-planningcanada.ca\\\/fr\\\/\"},{\"@type\":\"ListItem\",\"position\":2,\"name\":\"\u00c0 propos de nous\",\"item\":\"https:\\\/\\\/psb-planningcanada.ca\\\/fr\\\/a-propos-de-nous\\\/\"},{\"@type\":\"ListItem\",\"position\":3,\"name\":\"Comit\u00e9s\"}]},{\"@type\":\"WebSite\",\"@id\":\"https:\\\/\\\/psb-planningcanada.ca\\\/#website\",\"url\":\"https:\\\/\\\/psb-planningcanada.ca\\\/\",\"name\":\"Professional Standards Board\",\"description\":\"For the Planning Profession in Canada\",\"potentialAction\":[{\"@type\":\"SearchAction\",\"target\":{\"@type\":\"EntryPoint\",\"urlTemplate\":\"https:\\\/\\\/psb-planningcanada.ca\\\/?s={search_term_string}\"},\"query-input\":{\"@type\":\"PropertyValueSpecification\",\"valueRequired\":true,\"valueName\":\"search_term_string\"}}],\"inLanguage\":\"fr-FR\"}]}<\/script>\n<!-- \/ Yoast SEO plugin. -->","yoast_head_json":{"title":"Comit\u00e9s - Professional Standards Board","robots":{"index":"index","follow":"follow","max-snippet":"max-snippet:-1","max-image-preview":"max-image-preview:large","max-video-preview":"max-video-preview:-1"},"canonical":"https:\/\/psb-planningcanada.ca\/fr\/a-propos-de-nous\/comites\/","og_locale":"fr_FR","og_type":"article","og_title":"Comit\u00e9s - Professional Standards Board","og_description":"En plus de son conseil d&rsquo;administration, le CNP dispose de trois comit\u00e9s qui jouent un r\u00f4le essentiel dans la prestation de services : Comit\u00e9 de formation professionnelle et d&rsquo;examen (CFPE) Comit\u00e9 des programmes d&rsquo;accr\u00e9ditation (CPA) Comit\u00e9 consultatif sur les normes (CCN) Mandat du CFPE Le mandat du Comit\u00e9 de formation... Read More about \"Comit\u00e9s\"","og_url":"https:\/\/psb-planningcanada.ca\/fr\/a-propos-de-nous\/comites\/","og_site_name":"Professional Standards Board","article_modified_time":"2024-11-01T15:37:16+00:00","twitter_card":"summary_large_image","twitter_misc":{"Dur\u00e9e de lecture estim\u00e9e":"3 minutes"},"schema":{"@context":"https:\/\/schema.org","@graph":[{"@type":"WebPage","@id":"https:\/\/psb-planningcanada.ca\/fr\/a-propos-de-nous\/comites\/","url":"https:\/\/psb-planningcanada.ca\/fr\/a-propos-de-nous\/comites\/","name":"Comit\u00e9s - Professional Standards Board","isPartOf":{"@id":"https:\/\/psb-planningcanada.ca\/#website"},"datePublished":"2019-01-11T17:58:38+00:00","dateModified":"2024-11-01T15:37:16+00:00","breadcrumb":{"@id":"https:\/\/psb-planningcanada.ca\/fr\/a-propos-de-nous\/comites\/#breadcrumb"},"inLanguage":"fr-FR","potentialAction":[{"@type":"ReadAction","target":["https:\/\/psb-planningcanada.ca\/fr\/a-propos-de-nous\/comites\/"]}]},{"@type":"BreadcrumbList","@id":"https:\/\/psb-planningcanada.ca\/fr\/a-propos-de-nous\/comites\/#breadcrumb","itemListElement":[{"@type":"ListItem","position":1,"name":"Accueil","item":"https:\/\/psb-planningcanada.ca\/fr\/"},{"@type":"ListItem","position":2,"name":"\u00c0 propos de nous","item":"https:\/\/psb-planningcanada.ca\/fr\/a-propos-de-nous\/"},{"@type":"ListItem","position":3,"name":"Comit\u00e9s"}]},{"@type":"WebSite","@id":"https:\/\/psb-planningcanada.ca\/#website","url":"https:\/\/psb-planningcanada.ca\/","name":"Professional Standards Board","description":"For the Planning Profession in Canada","potentialAction":[{"@type":"SearchAction","target":{"@type":"EntryPoint","urlTemplate":"https:\/\/psb-planningcanada.ca\/?s={search_term_string}"},"query-input":{"@type":"PropertyValueSpecification","valueRequired":true,"valueName":"search_term_string"}}],"inLanguage":"fr-FR"}]}},"_links":{"self":[{"href":"https:\/\/psb-planningcanada.ca\/fr\/wp-json\/wp\/v2\/pages\/507","targetHints":{"allow":["GET"]}}],"collection":[{"href":"https:\/\/psb-planningcanada.ca\/fr\/wp-json\/wp\/v2\/pages"}],"about":[{"href":"https:\/\/psb-planningcanada.ca\/fr\/wp-json\/wp\/v2\/types\/page"}],"author":[{"embeddable":true,"href":"https:\/\/psb-planningcanada.ca\/fr\/wp-json\/wp\/v2\/users\/1"}],"replies":[{"embeddable":true,"href":"https:\/\/psb-planningcanada.ca\/fr\/wp-json\/wp\/v2\/comments?post=507"}],"version-history":[{"count":10,"href":"https:\/\/psb-planningcanada.ca\/fr\/wp-json\/wp\/v2\/pages\/507\/revisions"}],"predecessor-version":[{"id":3777,"href":"https:\/\/psb-planningcanada.ca\/fr\/wp-json\/wp\/v2\/pages\/507\/revisions\/3777"}],"up":[{"embeddable":true,"href":"https:\/\/psb-planningcanada.ca\/fr\/wp-json\/wp\/v2\/pages\/503"}],"wp:attachment":[{"href":"https:\/\/psb-planningcanada.ca\/fr\/wp-json\/wp\/v2\/media?parent=507"}],"curies":[{"name":"wp","href":"https:\/\/api.w.org\/{rel}","templated":true}]}}