{"id":505,"date":"2019-01-11T12:57:54","date_gmt":"2019-01-11T17:57:54","guid":{"rendered":"https:\/\/psb-planningcanada.ca\/?page_id=505"},"modified":"2020-08-31T15:40:35","modified_gmt":"2020-08-31T19:40:35","slug":"cnp","status":"publish","type":"page","link":"https:\/\/psb-planningcanada.ca\/fr\/a-propos-de-nous\/cnp\/","title":{"rendered":"\u00c0 Propos du CNP"},"content":{"rendered":"<img loading=\"lazy\" decoding=\"async\" class=\"wp-image-584 size-medium alignright\" src=\"https:\/\/psb-planningcanada.ca\/wp-content\/uploads\/2019\/01\/About_20505873_xl-2015.jpg\" alt=\"Multi Ethnic Business Team - About PSB, Professional Standards Board\" width=\"600\" height=\"400\" \/>\n<p>Le<strong>\u00a0Conseil des normes professionnels (CNP)<\/strong> a \u00e9t\u00e9 \u00e9tabli en 2012 pour superviser le processus de certification pour l\u2019institut canadien des urbanistes et ses Instituts et associations provinciaux ou territoriaux membres (tous sauf l\u2019Ordre des urbanistes du Qu\u00e9bec (OUQ)). Le CNP est constitu\u00e9 en vertu d\u2019une loi f\u00e9d\u00e9rale, dirig\u00e9 par un Conseil d\u2019administration ind\u00e9pendant et est exploit\u00e9 dans le cadre d\u2019accords de services partag\u00e9s conclus avec ses membres pour offir les services suivants :<\/p>\n<h2><em>Certification :<\/em><\/h2>\n<ul>\n<li>\u00c9valuation des demandes au statut de candidat<\/li>\n<li>V\u00e9rification du mentorat et du parrainage d\u2019exp\u00e9rience de travail<\/li>\n<li>Offre de cours et d\u2019examens menant \u00e0 la certification en tant que planificateur professionnel<\/li>\n<\/ul>\n<h2><em>Accr\u00e9ditation de programmes universitaires en urbanisme :<\/em><\/h2>\n<ul>\n<li>Administration de l\u2019examen d\u2019accr\u00e9ditation des programmes universitaires en urbanisme bas\u00e9e sur les principes, les politiques et les ententes administratives<\/li>\n<\/ul>\n<p>Le CNP est constitu\u00e9 en vertu d\u2019une loi f\u00e9d\u00e9rale, dirig\u00e9 par un <a href=\"https:\/\/psb-planningcanada.ca\/fr\/contactez-nous\/conseil-dadministration\/\">Conseil d\u2019administration<\/a> ind\u00e9pendant. Le CNP est exploit\u00e9 dans le cadre d\u2019accords de services partag\u00e9s conclus avec ses membres selon les lignes directrices d\u00e9termin\u00e9es par le projet Planning for the Future de l\u2019ICU.<\/p>\n<p>Nos membres fondateurs sont:<\/p>\n<ul>\n<li><a href=\"https:\/\/www.cip-icu.ca\/\" target=\"_blank\" rel=\"noopener noreferrer\">L\u2019institut canadien des urbanistes<\/a><\/li>\n<li><a href=\"https:\/\/atlanticplanners.org\/\" target=\"_blank\" rel=\"noopener noreferrer\">L\u2019institut des urbanistes de l\u2019Atlantique<\/a><\/li>\n<li><a href=\"https:\/\/ontarioplanners.ca\/home\" target=\"_blank\" rel=\"noopener noreferrer\">L\u2019institut des planificateurs professionnels de l\u2019Ontario<\/a><\/li>\n<li><a href=\"http:\/\/www.mppi.mb.ca\/\" target=\"_blank\" rel=\"noopener noreferrer\">Manitoba Professional Planners Institute<\/a><\/li>\n<li><a href=\"http:\/\/sppi.ca\/\" target=\"_blank\" rel=\"noopener noreferrer\">Saskatchewan Professional Planners Institute<\/a><\/li>\n<li><a href=\"https:\/\/www.albertaplanners.com\/\" target=\"_blank\" rel=\"noopener noreferrer\">Alberta Professional Planners Institute<\/a><\/li>\n<li><a href=\"https:\/\/www.pibc.bc.ca\/\" target=\"_blank\" rel=\"noopener noreferrer\">Planning Institute of British Columbia<\/a><\/li>\n<\/ul>\n<h2>Autres resources d\u2019urbanisme:<\/h2>\n<p>Il y a des autres organisations qui sont engag\u00e9s directement ou indirectement dans l\u2019urbanisme au Canada et autour du monde. Cette liste (pas exhaustive), indique un nombre des intervenants du CNP. Veuillez notez que l\u2019ICU maintient une entente r\u00e9ciproque avec les instituts d\u2019urbanismes en Australie et les \u00c9tas-Unis; le candidates \u00e9ventuels qui sont d\u00e9j\u00e0 certifi\u00e9s par ces instituts peuvent faire une demande au processus d\u2019\u00e9valuation r\u00e9ciproque.<\/p>\n<ul>\n<li><a href=\"http:\/\/www.planning.org.au\/\">Planning Institute of Australia*<\/a><\/li>\n<li><a href=\"http:\/\/www.planning.org.au\/\">American Institute of Certified Planners*<\/a><\/li>\n<li><a href=\"http:\/\/www.planning.org.nz\/\">New Zealand Planning Institute<\/a><\/li>\n<li><a href=\"http:\/\/www.planningaccreditationboard.org\/\">Planning Accreditation Board<\/a><\/li>\n<li><a href=\"http:\/\/www.ouq.qc.ca\/\">Ordre des urbanistes du Qu\u00e9bec<\/a><\/li>\n<li><a href=\"http:\/\/www.clsa-aapc.ca\/\" target=\"_blank\" rel=\"noopener noreferrer\">Association des architectes paysagistes du Canada<\/a><\/li>\n<li><a href=\"http:\/\/www.engineerscanada.ca\/\" target=\"_blank\" rel=\"noopener noreferrer\">Ing\u00e9nieurs Canada<\/a><\/li>\n<li><a href=\"http:\/\/www.raic.org\/\" target=\"_blank\" rel=\"noopener noreferrer\">Institut royal d&rsquo;architecture du Canada<\/a><\/li>\n<li><a href=\"http:\/\/www.caps-aceau.org\/\" target=\"_blank\" rel=\"noopener noreferrer\">L\u2019Association Canadienne des \u00c9tudiants en Am\u00e9nagement et Urbanisme<\/a><\/li>\n<li><a href=\"https:\/\/cms.eas.ualberta.ca\/acupp\" target=\"_blank\" rel=\"noopener noreferrer\">L\u2019Association des Programmes Universitaires Canadiens en Urbanisme (APUCU)<\/a><\/li>\n<li><a href=\"http:\/\/www.canurb.org\/\">Canadian Urban Institute<\/a><\/li>\n<li><a href=\"http:\/\/www.fcm.ca\/\" target=\"_blank\" rel=\"noopener noreferrer\">F\u00e9d\u00e9ration canadienne des municipalit\u00e9s<\/a><\/li>\n<li><a href=\"http:\/\/www.isocarp.org\/\">International Society of City and Regional Planners<\/a><\/li>\n<li><a href=\"http:\/\/www.cacpt.org\/\">Canadian Association of Certified Planning Technicians<\/a><\/li>\n<\/ul>\n<p><strong><em>*<\/em><\/strong><em> Indique une organisation selon l\u2019ICU maintient une entente r\u00e9ciproque.<\/em><\/p>\n","protected":false},"excerpt":{"rendered":"<p>Le\u00a0Conseil des normes professionnels (CNP) a \u00e9t\u00e9 \u00e9tabli en 2012 pour superviser le processus de certification pour l\u2019institut canadien des urbanistes et ses Instituts et associations provinciaux ou territoriaux membres (tous sauf l\u2019Ordre des urbanistes du Qu\u00e9bec (OUQ)). Le CNP est constitu\u00e9 en vertu d\u2019une loi f\u00e9d\u00e9rale, dirig\u00e9 par un&#8230; <a class=\"read-more\" href=\"https:\/\/psb-planningcanada.ca\/fr\/a-propos-de-nous\/cnp\/\">Read More<span class=\"hidden\"> about \u00ab\u00a0\u00c0 Propos du CNP\u00a0\u00bb<\/span><\/a><\/p>\n","protected":false},"author":1,"featured_media":0,"parent":503,"menu_order":0,"comment_status":"closed","ping_status":"closed","template":"","meta":{"_acf_changed":false,"_mc_calendar":[],"footnotes":""},"class_list":["post-505","page","type-page","status-publish","hentry"],"acf":[],"yoast_head":"<!-- This site is optimized with the Yoast SEO plugin v27.3 - https:\/\/yoast.com\/product\/yoast-seo-wordpress\/ -->\n<title>\u00c0 Propos du CNP - Professional Standards Board Planning Profession<\/title>\n<meta name=\"description\" content=\"The Professional Standards Board for the Planning Profession in Canada (PSB) was established to oversee the certification process for CIP and its PTIAs.\" \/>\n<meta name=\"robots\" content=\"index, follow, max-snippet:-1, max-image-preview:large, max-video-preview:-1\" \/>\n<link rel=\"canonical\" href=\"https:\/\/psb-planningcanada.ca\/fr\/a-propos-de-nous\/cnp\/\" \/>\n<meta property=\"og:locale\" content=\"fr_FR\" \/>\n<meta property=\"og:type\" content=\"article\" \/>\n<meta property=\"og:title\" content=\"\u00c0 Propos du CNP - Professional Standards Board Planning Profession\" \/>\n<meta property=\"og:description\" content=\"The Professional Standards Board for the Planning Profession in Canada (PSB) was established to oversee the certification process for CIP and its PTIAs.\" \/>\n<meta property=\"og:url\" content=\"https:\/\/psb-planningcanada.ca\/fr\/a-propos-de-nous\/cnp\/\" \/>\n<meta property=\"og:site_name\" content=\"Professional Standards Board\" \/>\n<meta property=\"article:modified_time\" content=\"2020-08-31T19:40:35+00:00\" \/>\n<meta property=\"og:image\" content=\"https:\/\/psb-planningcanada.ca\/wp-content\/uploads\/2019\/01\/About_20505873_xl-2015-600x400.jpg\" \/>\n<meta name=\"twitter:card\" content=\"summary_large_image\" \/>\n<meta name=\"twitter:label1\" content=\"Dur\u00e9e de lecture estim\u00e9e\" \/>\n\t<meta name=\"twitter:data1\" content=\"2 minutes\" \/>\n<script type=\"application\/ld+json\" class=\"yoast-schema-graph\">{\"@context\":\"https:\\\/\\\/schema.org\",\"@graph\":[{\"@type\":\"WebPage\",\"@id\":\"https:\\\/\\\/psb-planningcanada.ca\\\/fr\\\/a-propos-de-nous\\\/cnp\\\/\",\"url\":\"https:\\\/\\\/psb-planningcanada.ca\\\/fr\\\/a-propos-de-nous\\\/cnp\\\/\",\"name\":\"\u00c0 Propos du CNP - Professional Standards Board Planning Profession\",\"isPartOf\":{\"@id\":\"https:\\\/\\\/psb-planningcanada.ca\\\/#website\"},\"primaryImageOfPage\":{\"@id\":\"https:\\\/\\\/psb-planningcanada.ca\\\/fr\\\/a-propos-de-nous\\\/cnp\\\/#primaryimage\"},\"image\":{\"@id\":\"https:\\\/\\\/psb-planningcanada.ca\\\/fr\\\/a-propos-de-nous\\\/cnp\\\/#primaryimage\"},\"thumbnailUrl\":\"https:\\\/\\\/psb-planningcanada.ca\\\/wp-content\\\/uploads\\\/2019\\\/01\\\/About_20505873_xl-2015.jpg\",\"datePublished\":\"2019-01-11T17:57:54+00:00\",\"dateModified\":\"2020-08-31T19:40:35+00:00\",\"description\":\"The Professional Standards Board for the Planning Profession in Canada (PSB) was established to oversee the certification process for CIP and its PTIAs.\",\"breadcrumb\":{\"@id\":\"https:\\\/\\\/psb-planningcanada.ca\\\/fr\\\/a-propos-de-nous\\\/cnp\\\/#breadcrumb\"},\"inLanguage\":\"fr-FR\",\"potentialAction\":[{\"@type\":\"ReadAction\",\"target\":[\"https:\\\/\\\/psb-planningcanada.ca\\\/fr\\\/a-propos-de-nous\\\/cnp\\\/\"]}]},{\"@type\":\"ImageObject\",\"inLanguage\":\"fr-FR\",\"@id\":\"https:\\\/\\\/psb-planningcanada.ca\\\/fr\\\/a-propos-de-nous\\\/cnp\\\/#primaryimage\",\"url\":\"https:\\\/\\\/psb-planningcanada.ca\\\/wp-content\\\/uploads\\\/2019\\\/01\\\/About_20505873_xl-2015.jpg\",\"contentUrl\":\"https:\\\/\\\/psb-planningcanada.ca\\\/wp-content\\\/uploads\\\/2019\\\/01\\\/About_20505873_xl-2015.jpg\"},{\"@type\":\"BreadcrumbList\",\"@id\":\"https:\\\/\\\/psb-planningcanada.ca\\\/fr\\\/a-propos-de-nous\\\/cnp\\\/#breadcrumb\",\"itemListElement\":[{\"@type\":\"ListItem\",\"position\":1,\"name\":\"Accueil\",\"item\":\"https:\\\/\\\/psb-planningcanada.ca\\\/fr\\\/\"},{\"@type\":\"ListItem\",\"position\":2,\"name\":\"\u00c0 propos de nous\",\"item\":\"https:\\\/\\\/psb-planningcanada.ca\\\/fr\\\/a-propos-de-nous\\\/\"},{\"@type\":\"ListItem\",\"position\":3,\"name\":\"\u00c0 Propos du CNP\"}]},{\"@type\":\"WebSite\",\"@id\":\"https:\\\/\\\/psb-planningcanada.ca\\\/#website\",\"url\":\"https:\\\/\\\/psb-planningcanada.ca\\\/\",\"name\":\"Professional Standards Board\",\"description\":\"For the Planning Profession in Canada\",\"potentialAction\":[{\"@type\":\"SearchAction\",\"target\":{\"@type\":\"EntryPoint\",\"urlTemplate\":\"https:\\\/\\\/psb-planningcanada.ca\\\/?s={search_term_string}\"},\"query-input\":{\"@type\":\"PropertyValueSpecification\",\"valueRequired\":true,\"valueName\":\"search_term_string\"}}],\"inLanguage\":\"fr-FR\"}]}<\/script>\n<!-- \/ Yoast SEO plugin. -->","yoast_head_json":{"title":"\u00c0 Propos du CNP - Professional Standards Board Planning Profession","description":"The Professional Standards Board for the Planning Profession in Canada (PSB) was established to oversee the certification process for CIP and its PTIAs.","robots":{"index":"index","follow":"follow","max-snippet":"max-snippet:-1","max-image-preview":"max-image-preview:large","max-video-preview":"max-video-preview:-1"},"canonical":"https:\/\/psb-planningcanada.ca\/fr\/a-propos-de-nous\/cnp\/","og_locale":"fr_FR","og_type":"article","og_title":"\u00c0 Propos du CNP - Professional Standards Board Planning Profession","og_description":"The Professional Standards Board for the Planning Profession in Canada (PSB) was established to oversee the certification process for CIP and its PTIAs.","og_url":"https:\/\/psb-planningcanada.ca\/fr\/a-propos-de-nous\/cnp\/","og_site_name":"Professional Standards Board","article_modified_time":"2020-08-31T19:40:35+00:00","og_image":[{"url":"https:\/\/psb-planningcanada.ca\/wp-content\/uploads\/2019\/01\/About_20505873_xl-2015-600x400.jpg","type":"","width":"","height":""}],"twitter_card":"summary_large_image","twitter_misc":{"Dur\u00e9e de lecture estim\u00e9e":"2 minutes"},"schema":{"@context":"https:\/\/schema.org","@graph":[{"@type":"WebPage","@id":"https:\/\/psb-planningcanada.ca\/fr\/a-propos-de-nous\/cnp\/","url":"https:\/\/psb-planningcanada.ca\/fr\/a-propos-de-nous\/cnp\/","name":"\u00c0 Propos du CNP - Professional Standards Board Planning Profession","isPartOf":{"@id":"https:\/\/psb-planningcanada.ca\/#website"},"primaryImageOfPage":{"@id":"https:\/\/psb-planningcanada.ca\/fr\/a-propos-de-nous\/cnp\/#primaryimage"},"image":{"@id":"https:\/\/psb-planningcanada.ca\/fr\/a-propos-de-nous\/cnp\/#primaryimage"},"thumbnailUrl":"https:\/\/psb-planningcanada.ca\/wp-content\/uploads\/2019\/01\/About_20505873_xl-2015.jpg","datePublished":"2019-01-11T17:57:54+00:00","dateModified":"2020-08-31T19:40:35+00:00","description":"The Professional Standards Board for the Planning Profession in Canada (PSB) was established to oversee the certification process for CIP and its PTIAs.","breadcrumb":{"@id":"https:\/\/psb-planningcanada.ca\/fr\/a-propos-de-nous\/cnp\/#breadcrumb"},"inLanguage":"fr-FR","potentialAction":[{"@type":"ReadAction","target":["https:\/\/psb-planningcanada.ca\/fr\/a-propos-de-nous\/cnp\/"]}]},{"@type":"ImageObject","inLanguage":"fr-FR","@id":"https:\/\/psb-planningcanada.ca\/fr\/a-propos-de-nous\/cnp\/#primaryimage","url":"https:\/\/psb-planningcanada.ca\/wp-content\/uploads\/2019\/01\/About_20505873_xl-2015.jpg","contentUrl":"https:\/\/psb-planningcanada.ca\/wp-content\/uploads\/2019\/01\/About_20505873_xl-2015.jpg"},{"@type":"BreadcrumbList","@id":"https:\/\/psb-planningcanada.ca\/fr\/a-propos-de-nous\/cnp\/#breadcrumb","itemListElement":[{"@type":"ListItem","position":1,"name":"Accueil","item":"https:\/\/psb-planningcanada.ca\/fr\/"},{"@type":"ListItem","position":2,"name":"\u00c0 propos de nous","item":"https:\/\/psb-planningcanada.ca\/fr\/a-propos-de-nous\/"},{"@type":"ListItem","position":3,"name":"\u00c0 Propos du CNP"}]},{"@type":"WebSite","@id":"https:\/\/psb-planningcanada.ca\/#website","url":"https:\/\/psb-planningcanada.ca\/","name":"Professional Standards Board","description":"For the Planning Profession in Canada","potentialAction":[{"@type":"SearchAction","target":{"@type":"EntryPoint","urlTemplate":"https:\/\/psb-planningcanada.ca\/?s={search_term_string}"},"query-input":{"@type":"PropertyValueSpecification","valueRequired":true,"valueName":"search_term_string"}}],"inLanguage":"fr-FR"}]}},"_links":{"self":[{"href":"https:\/\/psb-planningcanada.ca\/fr\/wp-json\/wp\/v2\/pages\/505","targetHints":{"allow":["GET"]}}],"collection":[{"href":"https:\/\/psb-planningcanada.ca\/fr\/wp-json\/wp\/v2\/pages"}],"about":[{"href":"https:\/\/psb-planningcanada.ca\/fr\/wp-json\/wp\/v2\/types\/page"}],"author":[{"embeddable":true,"href":"https:\/\/psb-planningcanada.ca\/fr\/wp-json\/wp\/v2\/users\/1"}],"replies":[{"embeddable":true,"href":"https:\/\/psb-planningcanada.ca\/fr\/wp-json\/wp\/v2\/comments?post=505"}],"version-history":[{"count":8,"href":"https:\/\/psb-planningcanada.ca\/fr\/wp-json\/wp\/v2\/pages\/505\/revisions"}],"predecessor-version":[{"id":1517,"href":"https:\/\/psb-planningcanada.ca\/fr\/wp-json\/wp\/v2\/pages\/505\/revisions\/1517"}],"up":[{"embeddable":true,"href":"https:\/\/psb-planningcanada.ca\/fr\/wp-json\/wp\/v2\/pages\/503"}],"wp:attachment":[{"href":"https:\/\/psb-planningcanada.ca\/fr\/wp-json\/wp\/v2\/media?parent=505"}],"curies":[{"name":"wp","href":"https:\/\/api.w.org\/{rel}","templated":true}]}}